{"id":1794,"date":"2025-05-20T14:06:18","date_gmt":"2025-05-20T12:06:18","guid":{"rendered":"http:\/\/agripol.master-projekt.pl\/?page_id=1794"},"modified":"2025-12-10T13:42:40","modified_gmt":"2025-12-10T12:42:40","slug":"tuzo","status":"publish","type":"page","link":"https:\/\/agripol.pl\/index.php\/tuzo\/","title":{"rendered":"Tuzo"},"content":{"rendered":"\t\t<div data-elementor-type=\"wp-page\" data-elementor-id=\"1794\" class=\"elementor elementor-1794\">\n\t\t\t\t<div class=\"aux-parallax-section elementor-element elementor-element-78870f9 e-flex e-con-boxed e-con e-parent\" data-id=\"78870f9\" data-element_type=\"container\">\n\t\t\t\t\t<div class=\"e-con-inner\">\n\t\t<div class=\"elementor-element elementor-element-5bbdd27 e-con-full e-flex e-con e-child\" data-id=\"5bbdd27\" data-element_type=\"container\">\n\t\t\t\t<div class=\"elementor-element elementor-element-6adefa9 aux-appear-watch-animation aux-fade-in-up-1 elementor-widget elementor-widget-aux_modern_heading\" data-id=\"6adefa9\" data-element_type=\"widget\" data-widget_type=\"aux_modern_heading.default\">\n\t\t\t\t<div class=\"elementor-widget-container\">\n\t\t\t\t\t<section class=\"aux-widget-modern-heading\">\n            <div class=\"aux-widget-inner\"><h2 class=\"aux-modern-heading-primary\">WA\u0141 NA PRZEDNI TUZ<\/h2><h3 class=\"aux-modern-heading-secondary\"><span class=\"aux-head-before\">TUZO<\/span><\/h3><\/div>\n        <\/section>\t\t\t\t<\/div>\n\t\t\t\t<\/div>\n\t\t<div class=\"elementor-element elementor-element-c361f1e e-con-full e-flex e-con e-child\" data-id=\"c361f1e\" data-element_type=\"container\">\n\t\t\t\t<div class=\"elementor-element elementor-element-c54b70d elementor-widget elementor-widget-image\" data-id=\"c54b70d\" data-element_type=\"widget\" data-widget_type=\"image.default\">\n\t\t\t\t<div class=\"elementor-widget-container\">\n\t\t\t\t\t\t\t\t\t\t\t\t\t\t\t<img fetchpriority=\"high\" decoding=\"async\" width=\"1974\" height=\"402\" src=\"https:\/\/agripol.pl\/wp-content\/uploads\/2025\/05\/tuzo.webp\" class=\"attachment-full size-full wp-image-1799\" alt=\"\" srcset=\"https:\/\/agripol.pl\/wp-content\/uploads\/2025\/05\/tuzo.webp 1974w, https:\/\/agripol.pl\/wp-content\/uploads\/2025\/05\/tuzo-1536x313.webp 1536w, https:\/\/agripol.pl\/wp-content\/uploads\/2025\/05\/tuzo-200x41.webp 200w, https:\/\/agripol.pl\/wp-content\/uploads\/2025\/05\/tuzo-600x122.webp 600w\" sizes=\"(max-width: 1974px) 100vw, 1974px\" \/>\t\t\t\t\t\t\t\t\t\t\t\t\t\t\t<\/div>\n\t\t\t\t<\/div>\n\t\t\t\t<\/div>\n\t\t\t\t<div class=\"elementor-element elementor-element-980942b elementor-widget elementor-widget-heading\" data-id=\"980942b\" data-element_type=\"widget\" data-widget_type=\"heading.default\">\n\t\t\t\t<div class=\"elementor-widget-container\">\n\t\t\t\t\t<h5 class=\"elementor-heading-title elementor-size-default\">A - w\u0142\u00f3ka no\u017cowa p\u0142askownikowa<\/br>\nB - z\u0105b prosty 32x12<\/br>\nC - z\u0105b typ S 32x12<\/h5>\t\t\t\t<\/div>\n\t\t\t\t<\/div>\n\t\t<div class=\"elementor-element elementor-element-4835849 e-con-full e-grid e-con e-child\" data-id=\"4835849\" data-element_type=\"container\">\n\t\t\t\t<div class=\"elementor-element elementor-element-42fd919 elementor-widget elementor-widget-image\" data-id=\"42fd919\" data-element_type=\"widget\" data-widget_type=\"image.default\">\n\t\t\t\t<div class=\"elementor-widget-container\">\n\t\t\t\t\t\t\t\t\t\t\t\t\t\t\t<img decoding=\"async\" width=\"1465\" height=\"1098\" src=\"https:\/\/agripol.pl\/wp-content\/uploads\/2025\/05\/Tuzo-wymiary.png\" class=\"attachment-full size-full wp-image-1802\" alt=\"\" srcset=\"https:\/\/agripol.pl\/wp-content\/uploads\/2025\/05\/Tuzo-wymiary.png 1465w, https:\/\/agripol.pl\/wp-content\/uploads\/2025\/05\/Tuzo-wymiary-200x150.png 200w, https:\/\/agripol.pl\/wp-content\/uploads\/2025\/05\/Tuzo-wymiary-300x225.png 300w, https:\/\/agripol.pl\/wp-content\/uploads\/2025\/05\/Tuzo-wymiary-600x450.png 600w\" sizes=\"(max-width: 1465px) 100vw, 1465px\" \/>\t\t\t\t\t\t\t\t\t\t\t\t\t\t\t<\/div>\n\t\t\t\t<\/div>\n\t\t\t\t<\/div>\n\t\t\t\t<\/div>\n\t\t<div class=\"elementor-element elementor-element-17a64af e-con-full e-flex e-con e-child\" data-id=\"17a64af\" data-element_type=\"container\">\n\t\t\t\t<div class=\"elementor-element elementor-element-54b6401 elementor-arrows-position-inside elementor-pagination-position-outside elementor-widget elementor-widget-image-carousel\" data-id=\"54b6401\" data-element_type=\"widget\" data-settings=\"{&quot;slides_to_show&quot;:&quot;1&quot;,&quot;navigation&quot;:&quot;both&quot;,&quot;autoplay&quot;:&quot;yes&quot;,&quot;pause_on_hover&quot;:&quot;yes&quot;,&quot;pause_on_interaction&quot;:&quot;yes&quot;,&quot;autoplay_speed&quot;:5000,&quot;infinite&quot;:&quot;yes&quot;,&quot;effect&quot;:&quot;slide&quot;,&quot;speed&quot;:500}\" data-widget_type=\"image-carousel.default\">\n\t\t\t\t<div class=\"elementor-widget-container\">\n\t\t\t\t\t\t\t<div class=\"elementor-image-carousel-wrapper swiper\" role=\"region\" aria-roledescription=\"carousel\" aria-label=\"Karuzela obrazk\u00f3w\" dir=\"ltr\">\n\t\t\t<div class=\"elementor-image-carousel swiper-wrapper\" aria-live=\"off\">\n\t\t\t\t\t\t\t\t<div class=\"swiper-slide\" role=\"group\" aria-roledescription=\"slide\" aria-label=\"1 z 3\"><figure class=\"swiper-slide-inner\"><img decoding=\"async\" class=\"swiper-slide-image\" src=\"https:\/\/agripol.pl\/wp-content\/uploads\/2025\/05\/Tuzo-1-1.png\" alt=\"Tuzo 1\" \/><\/figure><\/div><div class=\"swiper-slide\" role=\"group\" aria-roledescription=\"slide\" aria-label=\"2 z 3\"><figure class=\"swiper-slide-inner\"><img decoding=\"async\" class=\"swiper-slide-image\" src=\"https:\/\/agripol.pl\/wp-content\/uploads\/2025\/05\/Tuzo-1.png\" alt=\"Tuzo\" \/><\/figure><\/div><div class=\"swiper-slide\" role=\"group\" aria-roledescription=\"slide\" aria-label=\"3 z 3\"><figure class=\"swiper-slide-inner\"><img decoding=\"async\" class=\"swiper-slide-image\" src=\"https:\/\/agripol.pl\/wp-content\/uploads\/2025\/05\/Tuzo-2.png\" alt=\"Tuzo 2\" \/><\/figure><\/div>\t\t\t<\/div>\n\t\t\t\t\t\t\t\t\t\t\t\t<div class=\"elementor-swiper-button elementor-swiper-button-prev\" role=\"button\" tabindex=\"0\">\n\t\t\t\t\t\t<i aria-hidden=\"true\" class=\"eicon-chevron-left\"><\/i>\t\t\t\t\t<\/div>\n\t\t\t\t\t<div class=\"elementor-swiper-button elementor-swiper-button-next\" role=\"button\" tabindex=\"0\">\n\t\t\t\t\t\t<i aria-hidden=\"true\" class=\"eicon-chevron-right\"><\/i>\t\t\t\t\t<\/div>\n\t\t\t\t\n\t\t\t\t\t\t\t\t\t<div class=\"swiper-pagination\"><\/div>\n\t\t\t\t\t\t\t\t\t<\/div>\n\t\t\t\t\t\t<\/div>\n\t\t\t\t<\/div>\n\t\t\t\t<\/div>\n\t\t\t\t\t<\/div>\n\t\t\t\t<\/div>\n\t\t<div class=\"aux-parallax-section elementor-element elementor-element-57dfd96 e-flex e-con-boxed e-con e-parent\" data-id=\"57dfd96\" data-element_type=\"container\">\n\t\t\t\t\t<div class=\"e-con-inner\">\n\t\t\t\t<div class=\"elementor-element elementor-element-0b3e63d elementor-widget elementor-widget-spacer\" data-id=\"0b3e63d\" data-element_type=\"widget\" data-widget_type=\"spacer.default\">\n\t\t\t\t<div class=\"elementor-widget-container\">\n\t\t\t\t\t\t\t<div class=\"elementor-spacer\">\n\t\t\t<div class=\"elementor-spacer-inner\"><\/div>\n\t\t<\/div>\n\t\t\t\t\t\t<\/div>\n\t\t\t\t<\/div>\n\t\t\t\t\t<\/div>\n\t\t\t\t<\/div>\n\t\t<div class=\"aux-parallax-section elementor-element elementor-element-2dac714 e-grid e-con-boxed e-con e-parent\" data-id=\"2dac714\" data-element_type=\"container\">\n\t\t\t\t\t<div class=\"e-con-inner\">\n\t\t<div class=\"elementor-element elementor-element-9f00826 e-con-full e-flex e-con e-child\" data-id=\"9f00826\" data-element_type=\"container\">\n\t\t\t\t<div class=\"elementor-element elementor-element-e9ad9eb elementor-widget elementor-widget-heading\" data-id=\"e9ad9eb\" data-element_type=\"widget\" data-widget_type=\"heading.default\">\n\t\t\t\t<div class=\"elementor-widget-container\">\n\t\t\t\t\t<h4 class=\"elementor-heading-title elementor-size-default\">STANDARD<\/h4>\t\t\t\t<\/div>\n\t\t\t\t<\/div>\n\t\t<div class=\"elementor-element elementor-element-e7f9632 e-grid e-con-full e-con e-child\" data-id=\"e7f9632\" data-element_type=\"container\">\n\t\t\t\t<div class=\"elementor-element elementor-element-a6fa475 elementor-widget elementor-widget-image\" data-id=\"a6fa475\" data-element_type=\"widget\" data-widget_type=\"image.default\">\n\t\t\t\t<div class=\"elementor-widget-container\">\n\t\t\t\t\t\t\t\t\t\t\t\t<figure class=\"wp-caption\">\n\t\t\t\t\t\t\t\t\t\t<img decoding=\"async\" width=\"1465\" height=\"1098\" src=\"https:\/\/agripol.pl\/wp-content\/uploads\/2025\/12\/Wal-daszkowy-Fi900mm.png\" class=\"attachment-full size-full wp-image-2845\" alt=\"\" srcset=\"https:\/\/agripol.pl\/wp-content\/uploads\/2025\/12\/Wal-daszkowy-Fi900mm.png 1465w, https:\/\/agripol.pl\/wp-content\/uploads\/2025\/12\/Wal-daszkowy-Fi900mm-200x150.png 200w, https:\/\/agripol.pl\/wp-content\/uploads\/2025\/12\/Wal-daszkowy-Fi900mm-300x225.png 300w, https:\/\/agripol.pl\/wp-content\/uploads\/2025\/12\/Wal-daszkowy-Fi900mm-600x450.png 600w\" sizes=\"(max-width: 1465px) 100vw, 1465px\" \/>\t\t\t\t\t\t\t\t\t\t\t<figcaption class=\"widget-image-caption wp-caption-text\">Wa\u0142 daszkowy 900 mm<\/figcaption>\n\t\t\t\t\t\t\t\t\t\t<\/figure>\n\t\t\t\t\t\t\t\t\t<\/div>\n\t\t\t\t<\/div>\n\t\t\t\t<\/div>\n\t\t\t\t<\/div>\n\t\t<div class=\"elementor-element elementor-element-5ac0ae0 e-flex e-con-boxed e-con e-child\" data-id=\"5ac0ae0\" data-element_type=\"container\">\n\t\t\t\t\t<div class=\"e-con-inner\">\n\t\t\t\t<div class=\"elementor-element elementor-element-ba467bb elementor-widget elementor-widget-heading\" data-id=\"ba467bb\" data-element_type=\"widget\" data-widget_type=\"heading.default\">\n\t\t\t\t<div class=\"elementor-widget-container\">\n\t\t\t\t\t<h4 class=\"elementor-heading-title elementor-size-default\">OPCJA<\/h4>\t\t\t\t<\/div>\n\t\t\t\t<\/div>\n\t\t<div class=\"elementor-element elementor-element-b892d2b e-grid e-con-full e-con e-child\" data-id=\"b892d2b\" data-element_type=\"container\">\n\t\t\t\t<div class=\"elementor-element elementor-element-adf04d5 elementor-widget elementor-widget-image\" data-id=\"adf04d5\" data-element_type=\"widget\" data-widget_type=\"image.default\">\n\t\t\t\t<div class=\"elementor-widget-container\">\n\t\t\t\t\t\t\t\t\t\t\t\t<figure class=\"wp-caption\">\n\t\t\t\t\t\t\t\t\t\t<img loading=\"lazy\" decoding=\"async\" width=\"1465\" height=\"1098\" src=\"https:\/\/agripol.pl\/wp-content\/uploads\/2025\/05\/Opcja-A-Wloka-nozowa-1.png\" class=\"attachment-full size-full wp-image-1806\" alt=\"\" srcset=\"https:\/\/agripol.pl\/wp-content\/uploads\/2025\/05\/Opcja-A-Wloka-nozowa-1.png 1465w, https:\/\/agripol.pl\/wp-content\/uploads\/2025\/05\/Opcja-A-Wloka-nozowa-1-200x150.png 200w, https:\/\/agripol.pl\/wp-content\/uploads\/2025\/05\/Opcja-A-Wloka-nozowa-1-300x225.png 300w, https:\/\/agripol.pl\/wp-content\/uploads\/2025\/05\/Opcja-A-Wloka-nozowa-1-600x450.png 600w\" sizes=\"(max-width: 1465px) 100vw, 1465px\" \/>\t\t\t\t\t\t\t\t\t\t\t<figcaption class=\"widget-image-caption wp-caption-text\">Z\u0119by no\u017cowe A<\/figcaption>\n\t\t\t\t\t\t\t\t\t\t<\/figure>\n\t\t\t\t\t\t\t\t\t<\/div>\n\t\t\t\t<\/div>\n\t\t\t\t<div class=\"elementor-element elementor-element-d678b24 elementor-widget elementor-widget-image\" data-id=\"d678b24\" data-element_type=\"widget\" data-widget_type=\"image.default\">\n\t\t\t\t<div class=\"elementor-widget-container\">\n\t\t\t\t\t\t\t\t\t\t\t\t<figure class=\"wp-caption\">\n\t\t\t\t\t\t\t\t\t\t<img loading=\"lazy\" decoding=\"async\" width=\"1465\" height=\"1098\" src=\"https:\/\/agripol.pl\/wp-content\/uploads\/2025\/05\/Opcja-B-Zab-prosty-32x12-1.png\" class=\"attachment-full size-full wp-image-1807\" alt=\"\" srcset=\"https:\/\/agripol.pl\/wp-content\/uploads\/2025\/05\/Opcja-B-Zab-prosty-32x12-1.png 1465w, https:\/\/agripol.pl\/wp-content\/uploads\/2025\/05\/Opcja-B-Zab-prosty-32x12-1-200x150.png 200w, https:\/\/agripol.pl\/wp-content\/uploads\/2025\/05\/Opcja-B-Zab-prosty-32x12-1-300x225.png 300w, https:\/\/agripol.pl\/wp-content\/uploads\/2025\/05\/Opcja-B-Zab-prosty-32x12-1-600x450.png 600w\" sizes=\"(max-width: 1465px) 100vw, 1465px\" \/>\t\t\t\t\t\t\t\t\t\t\t<figcaption class=\"widget-image-caption wp-caption-text\">Z\u0119by spr\u0119\u017cynowe proste B<\/figcaption>\n\t\t\t\t\t\t\t\t\t\t<\/figure>\n\t\t\t\t\t\t\t\t\t<\/div>\n\t\t\t\t<\/div>\n\t\t\t\t<div class=\"elementor-element elementor-element-0ed47e6 elementor-widget elementor-widget-image\" data-id=\"0ed47e6\" data-element_type=\"widget\" data-widget_type=\"image.default\">\n\t\t\t\t<div class=\"elementor-widget-container\">\n\t\t\t\t\t\t\t\t\t\t\t\t<figure class=\"wp-caption\">\n\t\t\t\t\t\t\t\t\t\t<img loading=\"lazy\" decoding=\"async\" width=\"1465\" height=\"1098\" src=\"https:\/\/agripol.pl\/wp-content\/uploads\/2025\/05\/Opcja-C-Zab-Typ-S-32x12-1.png\" class=\"attachment-full size-full wp-image-1808\" alt=\"\" srcset=\"https:\/\/agripol.pl\/wp-content\/uploads\/2025\/05\/Opcja-C-Zab-Typ-S-32x12-1.png 1465w, https:\/\/agripol.pl\/wp-content\/uploads\/2025\/05\/Opcja-C-Zab-Typ-S-32x12-1-200x150.png 200w, https:\/\/agripol.pl\/wp-content\/uploads\/2025\/05\/Opcja-C-Zab-Typ-S-32x12-1-300x225.png 300w, https:\/\/agripol.pl\/wp-content\/uploads\/2025\/05\/Opcja-C-Zab-Typ-S-32x12-1-600x450.png 600w\" sizes=\"(max-width: 1465px) 100vw, 1465px\" \/>\t\t\t\t\t\t\t\t\t\t\t<figcaption class=\"widget-image-caption wp-caption-text\">Z\u0119by spr\u0119\u017cynowe typ S C<\/figcaption>\n\t\t\t\t\t\t\t\t\t\t<\/figure>\n\t\t\t\t\t\t\t\t\t<\/div>\n\t\t\t\t<\/div>\n\t\t\t\t<\/div>\n\t\t\t\t\t<\/div>\n\t\t\t\t<\/div>\n\t\t\t\t\t<\/div>\n\t\t\t\t<\/div>\n\t\t<div class=\"aux-parallax-section elementor-element elementor-element-84307fc e-flex e-con-boxed e-con e-parent\" data-id=\"84307fc\" data-element_type=\"container\">\n\t\t\t\t\t<div class=\"e-con-inner\">\n\t\t\t\t<div class=\"elementor-element elementor-element-d84c112 elementor-widget elementor-widget-spacer\" data-id=\"d84c112\" data-element_type=\"widget\" data-widget_type=\"spacer.default\">\n\t\t\t\t<div class=\"elementor-widget-container\">\n\t\t\t\t\t\t\t<div class=\"elementor-spacer\">\n\t\t\t<div class=\"elementor-spacer-inner\"><\/div>\n\t\t<\/div>\n\t\t\t\t\t\t<\/div>\n\t\t\t\t<\/div>\n\t\t\t\t\t<\/div>\n\t\t\t\t<\/div>\n\t\t\t\t<\/div>\n\t\t","protected":false},"excerpt":{"rendered":"<p>WA\u0141 NA PRZEDNI TUZ TUZO A &#8211; w\u0142\u00f3ka no\u017cowa p\u0142askownikowa B &#8211; z\u0105b prosty 32&#215;12 C &#8211; z\u0105b typ S 32&#215;12 STANDARD Wa\u0142 daszkowy 900 mm OPCJA Z\u0119by no\u017cowe A Z\u0119by spr\u0119\u017cynowe proste B Z\u0119by spr\u0119\u017cynowe typ S C<\/p>\n","protected":false},"author":1,"featured_media":0,"parent":0,"menu_order":0,"comment_status":"closed","ping_status":"closed","template":"","meta":{"footnotes":""},"class_list":["post-1794","page","type-page","status-publish","hentry"],"jetpack_sharing_enabled":true,"_links":{"self":[{"href":"https:\/\/agripol.pl\/index.php\/wp-json\/wp\/v2\/pages\/1794","targetHints":{"allow":["GET"]}}],"collection":[{"href":"https:\/\/agripol.pl\/index.php\/wp-json\/wp\/v2\/pages"}],"about":[{"href":"https:\/\/agripol.pl\/index.php\/wp-json\/wp\/v2\/types\/page"}],"author":[{"embeddable":true,"href":"https:\/\/agripol.pl\/index.php\/wp-json\/wp\/v2\/users\/1"}],"replies":[{"embeddable":true,"href":"https:\/\/agripol.pl\/index.php\/wp-json\/wp\/v2\/comments?post=1794"}],"version-history":[{"count":13,"href":"https:\/\/agripol.pl\/index.php\/wp-json\/wp\/v2\/pages\/1794\/revisions"}],"predecessor-version":[{"id":2883,"href":"https:\/\/agripol.pl\/index.php\/wp-json\/wp\/v2\/pages\/1794\/revisions\/2883"}],"wp:attachment":[{"href":"https:\/\/agripol.pl\/index.php\/wp-json\/wp\/v2\/media?parent=1794"}],"curies":[{"name":"wp","href":"https:\/\/api.w.org\/{rel}","templated":true}]}}