{"id":1440,"date":"2025-05-15T10:32:59","date_gmt":"2025-05-15T08:32:59","guid":{"rendered":"http:\/\/agripol.master-projekt.pl\/?page_id=1440"},"modified":"2025-12-10T11:16:37","modified_gmt":"2025-12-10T10:16:37","slug":"duo-cutter","status":"publish","type":"page","link":"https:\/\/agripol.pl\/index.php\/duo-cutter\/","title":{"rendered":"Duo Cutter"},"content":{"rendered":"\t\t<div data-elementor-type=\"wp-page\" data-elementor-id=\"1440\" class=\"elementor elementor-1440\">\n\t\t\t\t<div class=\"aux-parallax-section elementor-element elementor-element-468917d e-flex e-con-boxed e-con e-parent\" data-id=\"468917d\" data-element_type=\"container\">\n\t\t\t\t\t<div class=\"e-con-inner\">\n\t\t<div class=\"elementor-element elementor-element-67c1474 e-con-full e-flex e-con e-child\" data-id=\"67c1474\" data-element_type=\"container\">\n\t\t\t\t<div class=\"elementor-element elementor-element-bc3dd33 aux-appear-watch-animation aux-fade-in-up-1 elementor-widget elementor-widget-aux_modern_heading\" data-id=\"bc3dd33\" data-element_type=\"widget\" data-widget_type=\"aux_modern_heading.default\">\n\t\t\t\t<div class=\"elementor-widget-container\">\n\t\t\t\t\t<section class=\"aux-widget-modern-heading\">\n            <div class=\"aux-widget-inner\"><h2 class=\"aux-modern-heading-primary\">WA\u0141 NO\u017bOWY<\/h2><h3 class=\"aux-modern-heading-secondary\"><span class=\"aux-head-before\">DUO CUTTER<\/span><\/h3><\/div>\n        <\/section>\t\t\t\t<\/div>\n\t\t\t\t<\/div>\n\t\t<div class=\"elementor-element elementor-element-b3f312d e-con-full e-flex e-con e-child\" data-id=\"b3f312d\" data-element_type=\"container\">\n\t\t\t\t<div class=\"elementor-element elementor-element-2e68944 elementor-widget elementor-widget-image\" data-id=\"2e68944\" data-element_type=\"widget\" data-widget_type=\"image.default\">\n\t\t\t\t<div class=\"elementor-widget-container\">\n\t\t\t\t\t\t\t\t\t\t\t\t\t\t\t<img fetchpriority=\"high\" decoding=\"async\" width=\"1974\" height=\"402\" src=\"https:\/\/agripol.pl\/wp-content\/uploads\/2025\/05\/DUO-CUTTER.avif\" class=\"attachment-full size-full wp-image-1442\" alt=\"\" srcset=\"https:\/\/agripol.pl\/wp-content\/uploads\/2025\/05\/DUO-CUTTER.avif 1974w, https:\/\/agripol.pl\/wp-content\/uploads\/2025\/05\/DUO-CUTTER-1536x313.avif 1536w, https:\/\/agripol.pl\/wp-content\/uploads\/2025\/05\/DUO-CUTTER-200x41.avif 200w, https:\/\/agripol.pl\/wp-content\/uploads\/2025\/05\/DUO-CUTTER-600x122.avif 600w\" sizes=\"(max-width: 1974px) 100vw, 1974px\" \/>\t\t\t\t\t\t\t\t\t\t\t\t\t\t\t<\/div>\n\t\t\t\t<\/div>\n\t\t\t\t<\/div>\n\t\t<div class=\"elementor-element elementor-element-d91cb68 e-con-full e-grid e-con e-child\" data-id=\"d91cb68\" data-element_type=\"container\">\n\t\t\t\t<div class=\"elementor-element elementor-element-a6c8b2a elementor-widget elementor-widget-image\" data-id=\"a6c8b2a\" data-element_type=\"widget\" data-widget_type=\"image.default\">\n\t\t\t\t<div class=\"elementor-widget-container\">\n\t\t\t\t\t\t\t\t\t\t\t\t\t\t\t<img decoding=\"async\" width=\"1465\" height=\"1098\" src=\"https:\/\/agripol.pl\/wp-content\/uploads\/2025\/05\/Duo-Cutter-wymiary.png\" class=\"attachment-full size-full wp-image-1445\" alt=\"\" srcset=\"https:\/\/agripol.pl\/wp-content\/uploads\/2025\/05\/Duo-Cutter-wymiary.png 1465w, https:\/\/agripol.pl\/wp-content\/uploads\/2025\/05\/Duo-Cutter-wymiary-200x150.png 200w, https:\/\/agripol.pl\/wp-content\/uploads\/2025\/05\/Duo-Cutter-wymiary-300x225.png 300w, https:\/\/agripol.pl\/wp-content\/uploads\/2025\/05\/Duo-Cutter-wymiary-600x450.png 600w\" sizes=\"(max-width: 1465px) 100vw, 1465px\" \/>\t\t\t\t\t\t\t\t\t\t\t\t\t\t\t<\/div>\n\t\t\t\t<\/div>\n\t\t\t\t<div class=\"elementor-element elementor-element-06a842f elementor-widget elementor-widget-image\" data-id=\"06a842f\" data-element_type=\"widget\" data-widget_type=\"image.default\">\n\t\t\t\t<div class=\"elementor-widget-container\">\n\t\t\t\t\t\t\t\t\t\t\t\t\t\t\t<img decoding=\"async\" width=\"1468\" height=\"1098\" src=\"https:\/\/agripol.pl\/wp-content\/uploads\/2025\/05\/Skladanie-hydrauliczne-Duo-Cutter.png\" class=\"attachment-full size-full wp-image-1444\" alt=\"\" srcset=\"https:\/\/agripol.pl\/wp-content\/uploads\/2025\/05\/Skladanie-hydrauliczne-Duo-Cutter.png 1468w, https:\/\/agripol.pl\/wp-content\/uploads\/2025\/05\/Skladanie-hydrauliczne-Duo-Cutter-200x150.png 200w, https:\/\/agripol.pl\/wp-content\/uploads\/2025\/05\/Skladanie-hydrauliczne-Duo-Cutter-300x225.png 300w, https:\/\/agripol.pl\/wp-content\/uploads\/2025\/05\/Skladanie-hydrauliczne-Duo-Cutter-600x449.png 600w\" sizes=\"(max-width: 1468px) 100vw, 1468px\" \/>\t\t\t\t\t\t\t\t\t\t\t\t\t\t\t<\/div>\n\t\t\t\t<\/div>\n\t\t\t\t<\/div>\n\t\t\t\t<\/div>\n\t\t<div class=\"elementor-element elementor-element-cf2a22d e-con-full e-flex e-con e-child\" data-id=\"cf2a22d\" data-element_type=\"container\">\n\t\t\t\t<div class=\"elementor-element elementor-element-8d7ccc8 elementor-arrows-position-inside elementor-pagination-position-outside elementor-widget elementor-widget-image-carousel\" data-id=\"8d7ccc8\" data-element_type=\"widget\" data-settings=\"{&quot;slides_to_show&quot;:&quot;1&quot;,&quot;navigation&quot;:&quot;both&quot;,&quot;autoplay&quot;:&quot;yes&quot;,&quot;pause_on_hover&quot;:&quot;yes&quot;,&quot;pause_on_interaction&quot;:&quot;yes&quot;,&quot;autoplay_speed&quot;:5000,&quot;infinite&quot;:&quot;yes&quot;,&quot;effect&quot;:&quot;slide&quot;,&quot;speed&quot;:500}\" data-widget_type=\"image-carousel.default\">\n\t\t\t\t<div class=\"elementor-widget-container\">\n\t\t\t\t\t\t\t<div class=\"elementor-image-carousel-wrapper swiper\" role=\"region\" aria-roledescription=\"carousel\" aria-label=\"Karuzela obrazk\u00f3w\" dir=\"ltr\">\n\t\t\t<div class=\"elementor-image-carousel swiper-wrapper\" aria-live=\"off\">\n\t\t\t\t\t\t\t\t<div class=\"swiper-slide\" role=\"group\" aria-roledescription=\"slide\" aria-label=\"1 z 4\"><figure class=\"swiper-slide-inner\"><img decoding=\"async\" class=\"swiper-slide-image\" src=\"https:\/\/agripol.pl\/wp-content\/uploads\/2025\/05\/Duo-Cutter-2.png\" alt=\"Duo Cutter\" \/><\/figure><\/div><div class=\"swiper-slide\" role=\"group\" aria-roledescription=\"slide\" aria-label=\"2 z 4\"><figure class=\"swiper-slide-inner\"><img decoding=\"async\" class=\"swiper-slide-image\" src=\"https:\/\/agripol.pl\/wp-content\/uploads\/2025\/05\/Duo-Cutter-2G-2-1.png\" alt=\"Duo Cutter 2G 2 (1)\" \/><\/figure><\/div><div class=\"swiper-slide\" role=\"group\" aria-roledescription=\"slide\" aria-label=\"3 z 4\"><figure class=\"swiper-slide-inner\"><img decoding=\"async\" class=\"swiper-slide-image\" src=\"https:\/\/agripol.pl\/wp-content\/uploads\/2025\/05\/Duo-Cutter-1.png\" alt=\"Duo Cutter 1\" \/><\/figure><\/div><div class=\"swiper-slide\" role=\"group\" aria-roledescription=\"slide\" aria-label=\"4 z 4\"><figure class=\"swiper-slide-inner\"><img decoding=\"async\" class=\"swiper-slide-image\" src=\"https:\/\/agripol.pl\/wp-content\/uploads\/2025\/05\/Duo-Cutter-2G-3-1.png\" alt=\"Duo Cutter 2G 3 (1)\" \/><\/figure><\/div>\t\t\t<\/div>\n\t\t\t\t\t\t\t\t\t\t\t\t<div class=\"elementor-swiper-button elementor-swiper-button-prev\" role=\"button\" tabindex=\"0\">\n\t\t\t\t\t\t<i aria-hidden=\"true\" class=\"eicon-chevron-left\"><\/i>\t\t\t\t\t<\/div>\n\t\t\t\t\t<div class=\"elementor-swiper-button elementor-swiper-button-next\" role=\"button\" tabindex=\"0\">\n\t\t\t\t\t\t<i aria-hidden=\"true\" class=\"eicon-chevron-right\"><\/i>\t\t\t\t\t<\/div>\n\t\t\t\t\n\t\t\t\t\t\t\t\t\t<div class=\"swiper-pagination\"><\/div>\n\t\t\t\t\t\t\t\t\t<\/div>\n\t\t\t\t\t\t<\/div>\n\t\t\t\t<\/div>\n\t\t\t\t<\/div>\n\t\t\t\t\t<\/div>\n\t\t\t\t<\/div>\n\t\t<div class=\"aux-parallax-section elementor-element elementor-element-0f5af47 e-flex e-con-boxed e-con e-parent\" data-id=\"0f5af47\" data-element_type=\"container\">\n\t\t\t\t\t<div class=\"e-con-inner\">\n\t\t\t\t<div class=\"elementor-element elementor-element-06d8eb6 elementor-widget elementor-widget-spacer\" data-id=\"06d8eb6\" data-element_type=\"widget\" data-widget_type=\"spacer.default\">\n\t\t\t\t<div class=\"elementor-widget-container\">\n\t\t\t\t\t\t\t<div class=\"elementor-spacer\">\n\t\t\t<div class=\"elementor-spacer-inner\"><\/div>\n\t\t<\/div>\n\t\t\t\t\t\t<\/div>\n\t\t\t\t<\/div>\n\t\t\t\t\t<\/div>\n\t\t\t\t<\/div>\n\t\t<div class=\"aux-parallax-section elementor-element elementor-element-f39c966 e-grid e-con-boxed e-con e-parent\" data-id=\"f39c966\" data-element_type=\"container\">\n\t\t\t\t\t<div class=\"e-con-inner\">\n\t\t<div class=\"elementor-element elementor-element-5edd3cd e-con-full e-flex e-con e-child\" data-id=\"5edd3cd\" data-element_type=\"container\">\n\t\t\t\t<div class=\"elementor-element elementor-element-009a775 elementor-widget elementor-widget-heading\" data-id=\"009a775\" data-element_type=\"widget\" data-widget_type=\"heading.default\">\n\t\t\t\t<div class=\"elementor-widget-container\">\n\t\t\t\t\t<h4 class=\"elementor-heading-title elementor-size-default\">STANDARD<\/h4>\t\t\t\t<\/div>\n\t\t\t\t<\/div>\n\t\t<div class=\"elementor-element elementor-element-e816ef6 e-grid e-con-full e-con e-child\" data-id=\"e816ef6\" data-element_type=\"container\">\n\t\t\t\t<div class=\"elementor-element elementor-element-1de723e elementor-widget elementor-widget-image\" data-id=\"1de723e\" data-element_type=\"widget\" data-widget_type=\"image.default\">\n\t\t\t\t<div class=\"elementor-widget-container\">\n\t\t\t\t\t\t\t\t\t\t\t\t<figure class=\"wp-caption\">\n\t\t\t\t\t\t\t\t\t\t<img loading=\"lazy\" decoding=\"async\" width=\"1465\" height=\"1098\" src=\"https:\/\/agripol.pl\/wp-content\/uploads\/2025\/05\/Wal-nozowy.png\" class=\"attachment-full size-full wp-image-1448\" alt=\"\" srcset=\"https:\/\/agripol.pl\/wp-content\/uploads\/2025\/05\/Wal-nozowy.png 1465w, https:\/\/agripol.pl\/wp-content\/uploads\/2025\/05\/Wal-nozowy-200x150.png 200w, https:\/\/agripol.pl\/wp-content\/uploads\/2025\/05\/Wal-nozowy-300x225.png 300w, https:\/\/agripol.pl\/wp-content\/uploads\/2025\/05\/Wal-nozowy-600x450.png 600w\" sizes=\"(max-width: 1465px) 100vw, 1465px\" \/>\t\t\t\t\t\t\t\t\t\t\t<figcaption class=\"widget-image-caption wp-caption-text\">Wa\u0142 no\u017cowy 500 mm<\/figcaption>\n\t\t\t\t\t\t\t\t\t\t<\/figure>\n\t\t\t\t\t\t\t\t\t<\/div>\n\t\t\t\t<\/div>\n\t\t\t\t<div class=\"elementor-element elementor-element-f93b081 elementor-widget elementor-widget-image\" data-id=\"f93b081\" data-element_type=\"widget\" data-widget_type=\"image.default\">\n\t\t\t\t<div class=\"elementor-widget-container\">\n\t\t\t\t\t\t\t\t\t\t\t\t<figure class=\"wp-caption\">\n\t\t\t\t\t\t\t\t\t\t<img loading=\"lazy\" decoding=\"async\" width=\"1465\" height=\"1098\" src=\"https:\/\/agripol.pl\/wp-content\/uploads\/2025\/05\/Podwojna-wiezyczka.png\" class=\"attachment-full size-full wp-image-1484\" alt=\"\" srcset=\"https:\/\/agripol.pl\/wp-content\/uploads\/2025\/05\/Podwojna-wiezyczka.png 1465w, https:\/\/agripol.pl\/wp-content\/uploads\/2025\/05\/Podwojna-wiezyczka-200x150.png 200w, https:\/\/agripol.pl\/wp-content\/uploads\/2025\/05\/Podwojna-wiezyczka-300x225.png 300w, https:\/\/agripol.pl\/wp-content\/uploads\/2025\/05\/Podwojna-wiezyczka-600x450.png 600w\" sizes=\"(max-width: 1465px) 100vw, 1465px\" \/>\t\t\t\t\t\t\t\t\t\t\t<figcaption class=\"widget-image-caption wp-caption-text\">Podw\u00f3jna wie\u017cyczka<\/figcaption>\n\t\t\t\t\t\t\t\t\t\t<\/figure>\n\t\t\t\t\t\t\t\t\t<\/div>\n\t\t\t\t<\/div>\n\t\t\t\t<div class=\"elementor-element elementor-element-3032e1a elementor-widget elementor-widget-image\" data-id=\"3032e1a\" data-element_type=\"widget\" data-widget_type=\"image.default\">\n\t\t\t\t<div class=\"elementor-widget-container\">\n\t\t\t\t\t\t\t\t\t\t\t\t<figure class=\"wp-caption\">\n\t\t\t\t\t\t\t\t\t\t<img loading=\"lazy\" decoding=\"async\" width=\"1465\" height=\"1098\" src=\"https:\/\/agripol.pl\/wp-content\/uploads\/2025\/05\/Grupa-2-obiektow-Wypelnienie_-Brak-Kontur_-Brak.png\" class=\"attachment-full size-full wp-image-1242\" alt=\"\" srcset=\"https:\/\/agripol.pl\/wp-content\/uploads\/2025\/05\/Grupa-2-obiektow-Wypelnienie_-Brak-Kontur_-Brak.png 1465w, https:\/\/agripol.pl\/wp-content\/uploads\/2025\/05\/Grupa-2-obiektow-Wypelnienie_-Brak-Kontur_-Brak-200x150.png 200w, https:\/\/agripol.pl\/wp-content\/uploads\/2025\/05\/Grupa-2-obiektow-Wypelnienie_-Brak-Kontur_-Brak-300x225.png 300w, https:\/\/agripol.pl\/wp-content\/uploads\/2025\/05\/Grupa-2-obiektow-Wypelnienie_-Brak-Kontur_-Brak-600x450.png 600w\" sizes=\"(max-width: 1465px) 100vw, 1465px\" \/>\t\t\t\t\t\t\t\t\t\t\t<figcaption class=\"widget-image-caption wp-caption-text\">Talerz 520 mm<\/figcaption>\n\t\t\t\t\t\t\t\t\t\t<\/figure>\n\t\t\t\t\t\t\t\t\t<\/div>\n\t\t\t\t<\/div>\n\t\t\t\t<\/div>\n\t\t\t\t<\/div>\n\t\t<div class=\"elementor-element elementor-element-7dca32c e-flex e-con-boxed e-con e-child\" data-id=\"7dca32c\" data-element_type=\"container\">\n\t\t\t\t\t<div class=\"e-con-inner\">\n\t\t\t\t<div class=\"elementor-element elementor-element-a54deb5 elementor-widget elementor-widget-heading\" data-id=\"a54deb5\" data-element_type=\"widget\" data-widget_type=\"heading.default\">\n\t\t\t\t<div class=\"elementor-widget-container\">\n\t\t\t\t\t<h4 class=\"elementor-heading-title elementor-size-default\">OPCJA<\/h4>\t\t\t\t<\/div>\n\t\t\t\t<\/div>\n\t\t<div class=\"elementor-element elementor-element-ed3c8c6 e-grid e-con-full e-con e-child\" data-id=\"ed3c8c6\" data-element_type=\"container\">\n\t\t\t\t<div class=\"elementor-element elementor-element-c28c54b elementor-widget elementor-widget-image\" data-id=\"c28c54b\" data-element_type=\"widget\" data-widget_type=\"image.default\">\n\t\t\t\t<div class=\"elementor-widget-container\">\n\t\t\t\t\t\t\t\t\t\t\t\t<figure class=\"wp-caption\">\n\t\t\t\t\t\t\t\t\t\t<img loading=\"lazy\" decoding=\"async\" width=\"1417\" height=\"991\" src=\"https:\/\/agripol.pl\/wp-content\/uploads\/2025\/05\/Obciaznik-2x280kg.png\" class=\"attachment-full size-full wp-image-1477\" alt=\"\" srcset=\"https:\/\/agripol.pl\/wp-content\/uploads\/2025\/05\/Obciaznik-2x280kg.png 1417w, https:\/\/agripol.pl\/wp-content\/uploads\/2025\/05\/Obciaznik-2x280kg-200x140.png 200w, https:\/\/agripol.pl\/wp-content\/uploads\/2025\/05\/Obciaznik-2x280kg-600x420.png 600w\" sizes=\"(max-width: 1417px) 100vw, 1417px\" \/>\t\t\t\t\t\t\t\t\t\t\t<figcaption class=\"widget-image-caption wp-caption-text\">Obci\u0105\u017cnik 2x180 kg<\/figcaption>\n\t\t\t\t\t\t\t\t\t\t<\/figure>\n\t\t\t\t\t\t\t\t\t<\/div>\n\t\t\t\t<\/div>\n\t\t\t\t<div class=\"elementor-element elementor-element-ee9804b elementor-widget elementor-widget-image\" data-id=\"ee9804b\" data-element_type=\"widget\" data-widget_type=\"image.default\">\n\t\t\t\t<div class=\"elementor-widget-container\">\n\t\t\t\t\t\t\t\t\t\t\t\t<figure class=\"wp-caption\">\n\t\t\t\t\t\t\t\t\t\t<img loading=\"lazy\" decoding=\"async\" width=\"1465\" height=\"1098\" src=\"https:\/\/agripol.pl\/wp-content\/uploads\/2025\/05\/Swiatla.png\" class=\"attachment-full size-full wp-image-1055\" alt=\"\" srcset=\"https:\/\/agripol.pl\/wp-content\/uploads\/2025\/05\/Swiatla.png 1465w, https:\/\/agripol.pl\/wp-content\/uploads\/2025\/05\/Swiatla-200x150.png 200w, https:\/\/agripol.pl\/wp-content\/uploads\/2025\/05\/Swiatla-300x225.png 300w, https:\/\/agripol.pl\/wp-content\/uploads\/2025\/05\/Swiatla-600x450.png 600w\" sizes=\"(max-width: 1465px) 100vw, 1465px\" \/>\t\t\t\t\t\t\t\t\t\t\t<figcaption class=\"widget-image-caption wp-caption-text\">\u015awiat\u0142a<\/figcaption>\n\t\t\t\t\t\t\t\t\t\t<\/figure>\n\t\t\t\t\t\t\t\t\t<\/div>\n\t\t\t\t<\/div>\n\t\t\t\t<\/div>\n\t\t\t\t\t<\/div>\n\t\t\t\t<\/div>\n\t\t\t\t\t<\/div>\n\t\t\t\t<\/div>\n\t\t<div class=\"aux-parallax-section elementor-element elementor-element-95a881b e-flex e-con-boxed e-con e-parent\" data-id=\"95a881b\" data-element_type=\"container\">\n\t\t\t\t\t<div class=\"e-con-inner\">\n\t\t\t\t<div class=\"elementor-element elementor-element-90dec33 elementor-widget elementor-widget-spacer\" data-id=\"90dec33\" data-element_type=\"widget\" data-widget_type=\"spacer.default\">\n\t\t\t\t<div class=\"elementor-widget-container\">\n\t\t\t\t\t\t\t<div class=\"elementor-spacer\">\n\t\t\t<div class=\"elementor-spacer-inner\"><\/div>\n\t\t<\/div>\n\t\t\t\t\t\t<\/div>\n\t\t\t\t<\/div>\n\t\t\t\t\t<\/div>\n\t\t\t\t<\/div>\n\t\t\t\t<\/div>\n\t\t","protected":false},"excerpt":{"rendered":"<p>WA\u0141 NO\u017bOWY DUO CUTTER STANDARD Wa\u0142 no\u017cowy 500 mm Podw\u00f3jna wie\u017cyczka Talerz 520 mm OPCJA Obci\u0105\u017cnik 2&#215;180 kg \u015awiat\u0142a<\/p>\n","protected":false},"author":1,"featured_media":0,"parent":0,"menu_order":0,"comment_status":"closed","ping_status":"closed","template":"","meta":{"footnotes":""},"class_list":["post-1440","page","type-page","status-publish","hentry"],"jetpack_sharing_enabled":true,"_links":{"self":[{"href":"https:\/\/agripol.pl\/index.php\/wp-json\/wp\/v2\/pages\/1440","targetHints":{"allow":["GET"]}}],"collection":[{"href":"https:\/\/agripol.pl\/index.php\/wp-json\/wp\/v2\/pages"}],"about":[{"href":"https:\/\/agripol.pl\/index.php\/wp-json\/wp\/v2\/types\/page"}],"author":[{"embeddable":true,"href":"https:\/\/agripol.pl\/index.php\/wp-json\/wp\/v2\/users\/1"}],"replies":[{"embeddable":true,"href":"https:\/\/agripol.pl\/index.php\/wp-json\/wp\/v2\/comments?post=1440"}],"version-history":[{"count":19,"href":"https:\/\/agripol.pl\/index.php\/wp-json\/wp\/v2\/pages\/1440\/revisions"}],"predecessor-version":[{"id":2838,"href":"https:\/\/agripol.pl\/index.php\/wp-json\/wp\/v2\/pages\/1440\/revisions\/2838"}],"wp:attachment":[{"href":"https:\/\/agripol.pl\/index.php\/wp-json\/wp\/v2\/media?parent=1440"}],"curies":[{"name":"wp","href":"https:\/\/api.w.org\/{rel}","templated":true}]}}