{"id":1111,"date":"2025-05-08T16:15:53","date_gmt":"2025-05-08T14:15:53","guid":{"rendered":"http:\/\/agripol.master-projekt.pl\/?page_id=1111"},"modified":"2025-12-10T14:05:32","modified_gmt":"2025-12-10T13:05:32","slug":"brona-talerzowa","status":"publish","type":"page","link":"https:\/\/agripol.pl\/index.php\/brona-talerzowa\/","title":{"rendered":"Brona talerzowa"},"content":{"rendered":"\t\t<div data-elementor-type=\"wp-page\" data-elementor-id=\"1111\" class=\"elementor elementor-1111\">\n\t\t\t\t<div class=\"aux-parallax-section elementor-element elementor-element-636ce18 e-flex e-con-boxed e-con e-parent\" data-id=\"636ce18\" data-element_type=\"container\">\n\t\t\t\t\t<div class=\"e-con-inner\">\n\t\t<div class=\"elementor-element elementor-element-7090ce2 e-con-full e-flex e-con e-child\" data-id=\"7090ce2\" data-element_type=\"container\">\n\t\t\t\t<div class=\"elementor-element elementor-element-88296f3 aux-appear-watch-animation aux-fade-in-up-1 elementor-widget elementor-widget-aux_modern_heading\" data-id=\"88296f3\" data-element_type=\"widget\" data-widget_type=\"aux_modern_heading.default\">\n\t\t\t\t<div class=\"elementor-widget-container\">\n\t\t\t\t\t<section class=\"aux-widget-modern-heading\">\n            <div class=\"aux-widget-inner\"><h2 class=\"aux-modern-heading-primary\">OFERTA<\/h2><h3 class=\"aux-modern-heading-secondary\"><span class=\"aux-head-before\">Brona talerzowa<\/span><\/h3><\/div>\n        <\/section>\t\t\t\t<\/div>\n\t\t\t\t<\/div>\n\t\t\t\t<\/div>\n\t\t\t\t\t<\/div>\n\t\t\t\t<\/div>\n\t\t<div class=\"aux-parallax-section elementor-element elementor-element-0a121ec e-grid e-con-boxed e-con e-parent\" data-id=\"0a121ec\" data-element_type=\"container\" data-settings=\"{&quot;background_background&quot;:&quot;classic&quot;}\">\n\t\t\t\t\t<div class=\"e-con-inner\">\n\t\t<div class=\"elementor-element elementor-element-11c3d54 e-con-full e-flex e-con e-child\" data-id=\"11c3d54\" data-element_type=\"container\" data-settings=\"{&quot;background_background&quot;:&quot;classic&quot;}\">\n\t\t\t\t<div class=\"elementor-element elementor-element-ce1ae5a aux-appear-watch-animation aux-fade-in-right-1 elementor-widget elementor-widget-aux_text\" data-id=\"ce1ae5a\" data-element_type=\"widget\" data-widget_type=\"aux_text.default\">\n\t\t\t\t<div class=\"elementor-widget-container\">\n\t\t\t\t\t<section class=\"widget-container aux-widget-text aux-parent-aue7886fb7\">        <div class=\"aux-widget-advanced-text aux-wrap-style-simple aux-ico-pos-top aux-text-left aux-text-resp- aux-text-color-dark aux-text-widget-bg-center aux-text-no-content \" >\n        \n                            <div class=\"aux-text-widget-header \"  >\n                        <div class=\"aux-ico-box aux-ico-large aux-img-box aux-ico-shape-default aux-ico-clear \">\n                                                                <img fetchpriority=\"high\" decoding=\"async\" width=\"1417\" height=\"1063\" src=\"https:\/\/agripol.pl\/wp-content\/uploads\/2025\/04\/Blue-Power.png\" class=\"aux-attachment aux-featured-image aux-attachment-id-752\" alt=\"Brona talerzowa\" data-ratio=\"1.33\" data-original-w=\"1417\" \/>                                                    <\/div>\n                <\/div>\n            \n            <div class=\"aux-text-inner aux-text-widget-content\">\n                                <h4 class=\"col-title\"><a href=\"\/index.php\/blue-power\">Blue Power<\/a><\/h4>\n                <a  href=\"\/index.php\/blue-power\" target=\"_self\"   class=\"aux-button aux-medium aux-black aux-round aux-outline\" ><span class=\"aux-overlay\"><\/span><span class=\"aux-text\">Zobacz ofert\u0119<\/span><\/a>            <\/div>\n        <\/div>\n                    <div class=\"aux-text-widget-footer\">\n                <div class=\"aux-border-shape-none \">\n                                <\/div>\n            <\/div>\n        \n<\/section><!-- widget-container -->\t\t\t\t<\/div>\n\t\t\t\t<\/div>\n\t\t\t\t<\/div>\n\t\t<div class=\"elementor-element elementor-element-4de8e12 e-con-full e-flex e-con e-child\" data-id=\"4de8e12\" data-element_type=\"container\" data-settings=\"{&quot;background_background&quot;:&quot;classic&quot;}\">\n\t\t\t\t<div class=\"elementor-element elementor-element-793a5df aux-appear-watch-animation aux-fade-in-right-1 elementor-widget elementor-widget-aux_text\" data-id=\"793a5df\" data-element_type=\"widget\" data-widget_type=\"aux_text.default\">\n\t\t\t\t<div class=\"elementor-widget-container\">\n\t\t\t\t\t<section class=\"widget-container aux-widget-text aux-parent-au43d2a27c\">        <div class=\"aux-widget-advanced-text aux-wrap-style-simple aux-ico-pos-top aux-text-left aux-text-resp- aux-text-color-dark aux-text-widget-bg-center aux-text-no-content \" >\n        \n                            <div class=\"aux-text-widget-header \"  >\n                        <div class=\"aux-ico-box aux-ico-large aux-img-box aux-ico-shape-default aux-ico-clear \">\n                                                                <img decoding=\"async\" width=\"2560\" height=\"1920\" src=\"image\/gif;base64,R0lGODlhAQABAIAAAAAAAP\/\/\/yH5BAEAAAAALAAAAAABAAEAAAIBRAA7\" class=\"aux-attachment aux-featured-image aux-attachment-id-2645 aux-preload aux-blank\" alt=\"Titanum2 3M\" data-ratio=\"1.33\" data-original-w=\"2560\" data-src=\"https:\/\/agripol.pl\/wp-content\/uploads\/2025\/06\/Titanum2-3M--scaled.png\" \/>                                                    <\/div>\n                <\/div>\n            \n            <div class=\"aux-text-inner aux-text-widget-content\">\n                                <h4 class=\"col-title\"><a href=\"\/index.php\/titanum\">Titanum<\/a><\/h4>\n                <a  href=\"\/index.php\/titanum\" target=\"_self\"   class=\"aux-button aux-medium aux-black aux-round aux-outline\" ><span class=\"aux-overlay\"><\/span><span class=\"aux-text\">Zobacz ofert\u0119<\/span><\/a>            <\/div>\n        <\/div>\n                    <div class=\"aux-text-widget-footer\">\n                <div class=\"aux-border-shape-none \">\n                                <\/div>\n            <\/div>\n        \n<\/section><!-- widget-container -->\t\t\t\t<\/div>\n\t\t\t\t<\/div>\n\t\t\t\t<\/div>\n\t\t<div class=\"elementor-element elementor-element-21a0222 e-con-full e-flex e-con e-child\" data-id=\"21a0222\" data-element_type=\"container\" data-settings=\"{&quot;background_background&quot;:&quot;classic&quot;}\">\n\t\t\t\t<div class=\"elementor-element elementor-element-ffaaed4 aux-appear-watch-animation aux-fade-in-right-1 elementor-widget elementor-widget-aux_text\" data-id=\"ffaaed4\" data-element_type=\"widget\" data-widget_type=\"aux_text.default\">\n\t\t\t\t<div class=\"elementor-widget-container\">\n\t\t\t\t\t<section class=\"widget-container aux-widget-text aux-parent-aud70f6e00\">        <div class=\"aux-widget-advanced-text aux-wrap-style-simple aux-ico-pos-top aux-text-left aux-text-resp- aux-text-color-dark aux-text-widget-bg-center aux-text-no-content \" >\n        \n                            <div class=\"aux-text-widget-header \"  >\n                        <div class=\"aux-ico-box aux-ico-large aux-img-box aux-ico-shape-default aux-ico-clear \">\n                                                                <img decoding=\"async\" width=\"1465\" height=\"1098\" src=\"image\/gif;base64,R0lGODlhAQABAIAAAAAAAP\/\/\/yH5BAEAAAAALAAAAAABAAEAAAIBRAA7\" class=\"aux-attachment aux-featured-image aux-attachment-id-1119 aux-preload aux-blank\" alt=\"Titanum p\u00f3\u0142zawieszana 1\" data-ratio=\"1.33\" data-original-w=\"1465\" data-src=\"https:\/\/agripol.pl\/wp-content\/uploads\/2025\/05\/Titanum-polzawieszana-1.png\" \/>                                                    <\/div>\n                <\/div>\n            \n            <div class=\"aux-text-inner aux-text-widget-content\">\n                                <h4 class=\"col-title\"><a href=\"\/index.php\/titanum-polzawieszany\">Titanum p\u00f3\u0142zawieszany<\/a><\/h4>\n                <a  href=\"\/index.php\/titanum-polzawieszany\" target=\"_self\"   class=\"aux-button aux-medium aux-black aux-round aux-outline\" ><span class=\"aux-overlay\"><\/span><span class=\"aux-text\">Zobacz ofert\u0119<\/span><\/a>            <\/div>\n        <\/div>\n                    <div class=\"aux-text-widget-footer\">\n                <div class=\"aux-border-shape-none \">\n                                <\/div>\n            <\/div>\n        \n<\/section><!-- widget-container -->\t\t\t\t<\/div>\n\t\t\t\t<\/div>\n\t\t\t\t<\/div>\n\t\t<div class=\"elementor-element elementor-element-ce00d02 e-con-full e-flex e-con e-child\" data-id=\"ce00d02\" data-element_type=\"container\" data-settings=\"{&quot;background_background&quot;:&quot;classic&quot;}\">\n\t\t\t\t<div class=\"elementor-element elementor-element-a4c93fe aux-appear-watch-animation aux-fade-in-right-1 elementor-widget elementor-widget-aux_text\" data-id=\"a4c93fe\" data-element_type=\"widget\" data-widget_type=\"aux_text.default\">\n\t\t\t\t<div class=\"elementor-widget-container\">\n\t\t\t\t\t<section class=\"widget-container aux-widget-text aux-parent-aub0b97fcb\">        <div class=\"aux-widget-advanced-text aux-wrap-style-simple aux-ico-pos-top aux-text-left aux-text-resp- aux-text-color-dark aux-text-widget-bg-center aux-text-no-content \" >\n        \n                            <div class=\"aux-text-widget-header \"  >\n                        <div class=\"aux-ico-box aux-ico-large aux-img-box aux-ico-shape-default aux-ico-clear \">\n                                                                <img loading=\"lazy\" decoding=\"async\" width=\"946\" height=\"710\" src=\"image\/gif;base64,R0lGODlhAQABAIAAAAAAAP\/\/\/yH5BAEAAAAALAAAAAABAAEAAAIBRAA7\" class=\"aux-attachment aux-featured-image aux-attachment-id-2476 aux-preload aux-blank\" alt=\"Titanum II P\u00f3\u0142zawieszane (2)\" data-ratio=\"1.33\" data-original-w=\"946\" data-src=\"https:\/\/agripol.pl\/wp-content\/uploads\/2025\/06\/Titanum-II-Polzawieszane-2-1.png\" \/>                                                    <\/div>\n                <\/div>\n            \n            <div class=\"aux-text-inner aux-text-widget-content\">\n                                <h4 class=\"col-title\"><a href=\"\/index.php\/titanum-2-polzawieszany\">Titanum II p\u00f3\u0142zawieszany<\/a><\/h4>\n                <a  href=\"\/index.php\/titanum-2-polzawieszany\" target=\"_self\"   class=\"aux-button aux-medium aux-black aux-round aux-outline\" ><span class=\"aux-overlay\"><\/span><span class=\"aux-text\">Zobacz ofert\u0119<\/span><\/a>            <\/div>\n        <\/div>\n                    <div class=\"aux-text-widget-footer\">\n                <div class=\"aux-border-shape-none \">\n                                <\/div>\n            <\/div>\n        \n<\/section><!-- widget-container -->\t\t\t\t<\/div>\n\t\t\t\t<\/div>\n\t\t\t\t<\/div>\n\t\t\t\t<div class=\"elementor-element elementor-element-02996ae aux-appear-watch-animation aux-fade-in-right-1 elementor-widget elementor-widget-aux_text\" data-id=\"02996ae\" data-element_type=\"widget\" data-widget_type=\"aux_text.default\">\n\t\t\t\t<div class=\"elementor-widget-container\">\n\t\t\t\t\t<section class=\"widget-container aux-widget-text aux-parent-au8d18c71e\">        <div class=\"aux-widget-advanced-text aux-wrap-style-simple aux-ico-pos-top aux-text-left aux-text-resp- aux-text-color-dark aux-text-widget-bg-center aux-text-no-content \" >\n        \n                            <div class=\"aux-text-widget-header \"  >\n                        <div class=\"aux-ico-box aux-ico-large aux-img-box aux-ico-shape-default aux-ico-clear \">\n                                                                <img loading=\"lazy\" decoding=\"async\" width=\"1465\" height=\"1098\" src=\"https:\/\/agripol.pl\/wp-content\/uploads\/2025\/05\/Front-Disc-2.png\" class=\"aux-attachment aux-featured-image aux-attachment-id-1121\" alt=\"Front Disc 2\" data-ratio=\"1.33\" data-original-w=\"1465\" \/>                                                    <\/div>\n                <\/div>\n            \n            <div class=\"aux-text-inner aux-text-widget-content\">\n                                <h4 class=\"col-title\"><a href=\"\/index.php\/front-disc\">Front Disc<\/a><\/h4>\n                <a  href=\"\/index.php\/front-disc\" target=\"_self\"   class=\"aux-button aux-medium aux-black aux-round aux-outline\" ><span class=\"aux-overlay\"><\/span><span class=\"aux-text\">Zobacz ofert\u0119<\/span><\/a>            <\/div>\n        <\/div>\n                    <div class=\"aux-text-widget-footer\">\n                <div class=\"aux-border-shape-none \">\n                                <\/div>\n            <\/div>\n        \n<\/section><!-- widget-container -->\t\t\t\t<\/div>\n\t\t\t\t<\/div>\n\t\t\t\t<div class=\"elementor-element elementor-element-1aa4414 aux-appear-watch-animation aux-fade-in-right-1 elementor-widget elementor-widget-aux_text\" data-id=\"1aa4414\" data-element_type=\"widget\" data-widget_type=\"aux_text.default\">\n\t\t\t\t<div class=\"elementor-widget-container\">\n\t\t\t\t\t<section class=\"widget-container aux-widget-text aux-parent-au9d17ce12\">        <div class=\"aux-widget-advanced-text aux-wrap-style-simple aux-ico-pos-top aux-text-left aux-text-resp- aux-text-color-dark aux-text-widget-bg-center aux-text-no-content \" >\n        \n                            <div class=\"aux-text-widget-header \"  >\n                        <div class=\"aux-ico-box aux-ico-large aux-img-box aux-ico-shape-default aux-ico-clear \">\n                                                                <img loading=\"lazy\" decoding=\"async\" width=\"1465\" height=\"1098\" src=\"https:\/\/agripol.pl\/wp-content\/uploads\/2025\/05\/Front-Disc-II-2.png\" class=\"aux-attachment aux-featured-image aux-attachment-id-1125\" alt=\"Front Disc II 2\" data-ratio=\"1.33\" data-original-w=\"1465\" \/>                                                    <\/div>\n                <\/div>\n            \n            <div class=\"aux-text-inner aux-text-widget-content\">\n                                <h4 class=\"col-title\"><a href=\"\/index.php\/front-disc-ii\">Front Disc II<\/a><\/h4>\n                <a  href=\"\/index.php\/front-disc-ii\" target=\"_self\"   class=\"aux-button aux-medium aux-black aux-round aux-outline\" ><span class=\"aux-overlay\"><\/span><span class=\"aux-text\">Zobacz ofert\u0119<\/span><\/a>            <\/div>\n        <\/div>\n                    <div class=\"aux-text-widget-footer\">\n                <div class=\"aux-border-shape-none \">\n                                <\/div>\n            <\/div>\n        \n<\/section><!-- widget-container -->\t\t\t\t<\/div>\n\t\t\t\t<\/div>\n\t\t\t\t<div class=\"elementor-element elementor-element-0b6ac2b aux-appear-watch-animation aux-fade-in-right-1 elementor-widget elementor-widget-aux_text\" data-id=\"0b6ac2b\" data-element_type=\"widget\" data-widget_type=\"aux_text.default\">\n\t\t\t\t<div class=\"elementor-widget-container\">\n\t\t\t\t\t<section class=\"widget-container aux-widget-text aux-parent-au996eea50\">        <div class=\"aux-widget-advanced-text aux-wrap-style-simple aux-ico-pos-top aux-text-left aux-text-resp- aux-text-color-dark aux-text-widget-bg-center aux-text-no-content \" >\n        \n                            <div class=\"aux-text-widget-header \"  >\n                        <div class=\"aux-ico-box aux-ico-large aux-img-box aux-ico-shape-default aux-ico-clear \">\n                                                                <img loading=\"lazy\" decoding=\"async\" width=\"1417\" height=\"1063\" src=\"image\/gif;base64,R0lGODlhAQABAIAAAAAAAP\/\/\/yH5BAEAAAAALAAAAAABAAEAAAIBRAA7\" class=\"aux-attachment aux-featured-image aux-attachment-id-1150 aux-preload aux-blank\" alt=\"Optidisc\" data-ratio=\"1.33\" data-original-w=\"1417\" data-src=\"https:\/\/agripol.pl\/wp-content\/uploads\/2025\/05\/Optidisc.png\" \/>                                                    <\/div>\n                <\/div>\n            \n            <div class=\"aux-text-inner aux-text-widget-content\">\n                                <h4 class=\"col-title\"><a href=\"index.php\/optidisc\">Optidisc<\/a><\/h4>\n                <a  href=\"index.php\/optidisc\" target=\"_self\"   class=\"aux-button aux-medium aux-black aux-round aux-outline\" ><span class=\"aux-overlay\"><\/span><span class=\"aux-text\">Zobacz ofert\u0119<\/span><\/a>            <\/div>\n        <\/div>\n                    <div class=\"aux-text-widget-footer\">\n                <div class=\"aux-border-shape-none \">\n                                <\/div>\n            <\/div>\n        \n<\/section><!-- widget-container -->\t\t\t\t<\/div>\n\t\t\t\t<\/div>\n\t\t\t\t<div class=\"elementor-element elementor-element-f2483a5 aux-appear-watch-animation aux-fade-in-right-1 elementor-widget elementor-widget-aux_text\" data-id=\"f2483a5\" data-element_type=\"widget\" data-widget_type=\"aux_text.default\">\n\t\t\t\t<div class=\"elementor-widget-container\">\n\t\t\t\t\t<section class=\"widget-container aux-widget-text aux-parent-auf6598da0\">        <div class=\"aux-widget-advanced-text aux-wrap-style-simple aux-ico-pos-top aux-text-left aux-text-resp- aux-text-color-dark aux-text-widget-bg-center aux-text-no-content \" >\n        \n                            <div class=\"aux-text-widget-header \"  >\n                        <div class=\"aux-ico-box aux-ico-large aux-img-box aux-ico-shape-default aux-ico-clear \">\n                                                                <img loading=\"lazy\" decoding=\"async\" width=\"1417\" height=\"1063\" src=\"image\/gif;base64,R0lGODlhAQABAIAAAAAAAP\/\/\/yH5BAEAAAAALAAAAAABAAEAAAIBRAA7\" class=\"aux-attachment aux-featured-image aux-attachment-id-2874 aux-preload aux-blank\" alt=\"Disc Cutter 3 (1)\" data-ratio=\"1.33\" data-original-w=\"1417\" data-src=\"https:\/\/agripol.pl\/wp-content\/uploads\/2025\/12\/Disc-Cutter-3-1.png\" \/>                                                    <\/div>\n                <\/div>\n            \n            <div class=\"aux-text-inner aux-text-widget-content\">\n                                <h4 class=\"col-title\"><a href=\"\/index.php\/disc-cutter\">Disc Cutter<\/a><\/h4>\n                <a  href=\"\/index.php\/disc-cutter\" target=\"_self\"   class=\"aux-button aux-medium aux-black aux-round aux-outline\" ><span class=\"aux-overlay\"><\/span><span class=\"aux-text\">Zobacz ofert\u0119<\/span><\/a>            <\/div>\n        <\/div>\n                    <div class=\"aux-text-widget-footer\">\n                <div class=\"aux-border-shape-none \">\n                                <\/div>\n            <\/div>\n        \n<\/section><!-- widget-container -->\t\t\t\t<\/div>\n\t\t\t\t<\/div>\n\t\t\t\t\t<\/div>\n\t\t\t\t<\/div>\n\t\t<div class=\"aux-parallax-section elementor-element elementor-element-74bc7c3 e-flex e-con-boxed e-con e-parent\" data-id=\"74bc7c3\" data-element_type=\"container\" data-settings=\"{&quot;background_background&quot;:&quot;classic&quot;}\">\n\t\t\t\t\t<div class=\"e-con-inner\">\n\t\t<div class=\"elementor-element elementor-element-516e939 e-con-full e-flex e-con e-child\" data-id=\"516e939\" data-element_type=\"container\">\n\t\t\t\t<div class=\"elementor-element elementor-element-75dcbaa aux-appear-watch-animation aux-fade-in-up-1 elementor-widget elementor-widget-aux_modern_heading\" data-id=\"75dcbaa\" data-element_type=\"widget\" data-widget_type=\"aux_modern_heading.default\">\n\t\t\t\t<div class=\"elementor-widget-container\">\n\t\t\t\t\t<section class=\"aux-widget-modern-heading\">\n            <div class=\"aux-widget-inner\"><h5 class=\"aux-modern-heading-primary\">Brona talerzowa<\/h5><div class=\"aux-modern-heading-description\"><p class=\"\" data-start=\"245\" data-end=\"550\">Brona talerzowa to solidna i wydajna maszyna rolnicza przeznaczona do uprawy przedsiewnej, mieszania resztek po\u017cniwnych z gleb\u0105 oraz spulchniania roli. Dzi\u0119ki swojej konstrukcji idealnie sprawdza si\u0119 zar\u00f3wno w ma\u0142ych, jak i du\u017cych gospodarstwach rolnych, zapewniaj\u0105c skuteczne przygotowanie pola pod siew.<\/p><p class=\"\" data-start=\"1114\" data-end=\"1131\"><strong data-start=\"1114\" data-end=\"1131\">Zastosowanie:<\/strong><\/p><ul><li data-start=\"1135\" data-end=\"1162\">Uprawa \u015bciernisk po\u017cniwnych<\/li><li data-start=\"1135\" data-end=\"1162\">Przygotowanie gleby pod siew<\/li><li data-start=\"1135\" data-end=\"1162\">Mieszanie nawoz\u00f3w organicznych z gleb\u0105<\/li><li data-start=\"1135\" data-end=\"1162\">Spulchnianie i rozdrabnianie bry\u0142 ziemi<\/li><\/ul><p class=\"\" data-start=\"1278\" data-end=\"1291\"><strong data-start=\"1278\" data-end=\"1291\">Korzy\u015bci:<\/strong><\/p><ul><li data-start=\"1295\" data-end=\"1329\">Skr\u00f3cenie czasu przygotowania pola<\/li><li data-start=\"1295\" data-end=\"1329\">Ograniczenie liczby przejazd\u00f3w i zu\u017cycia paliwa<\/li><li data-start=\"1295\" data-end=\"1329\">Zwi\u0119kszenie efektywno\u015bci uprawy i plon\u00f3w<\/li><\/ul><\/div><\/div>\n        <\/section>\t\t\t\t<\/div>\n\t\t\t\t<\/div>\n\t\t\t\t<\/div>\n\t\t<div class=\"elementor-element elementor-element-c12603c e-con-full e-flex e-con e-child\" data-id=\"c12603c\" data-element_type=\"container\">\n\t\t\t\t<div class=\"elementor-element elementor-element-c55865e aux-appear-watch-animation aux-scale-up-1 elementor-widget elementor-widget-aux_image\" data-id=\"c55865e\" data-element_type=\"widget\" data-widget_type=\"aux_image.default\">\n\t\t\t\t<div class=\"elementor-widget-container\">\n\t\t\t\t\t<section class=\"widget-container aux-widget-image aux-alignnone aux-parent-aud44745e7\">\n    <div class=\"aux-media-hint-frame \">\n        <div class=\"aux-media-image \" >\n        \n            \n\n            \n            <img loading=\"lazy\" decoding=\"async\" width=\"830\" height=\"647\" src=\"data:image\/gif;base64,R0lGODlhAQABAIAAAAAAAP\/\/\/yH5BAEAAAAALAAAAAABAAEAAAIBRAA7\" class=\"aux-attachment aux-featured-image aux-attachment-id-747 aux-preload aux-blank\" alt=\"ztiW3DWa7GC5hjvCO3Jbfpnd5Yw\" data-ratio=\"1.28\" data-original-w=\"1599\" sizes=\"auto\" data-srcset=\"https:\/\/agripol.pl\/wp-content\/uploads\/2025\/04\/ztiW3DWa7GC5hjvCO3Jbfpnd5Yw-150x117.jpg 150w,https:\/\/agripol.pl\/wp-content\/uploads\/2025\/04\/ztiW3DWa7GC5hjvCO3Jbfpnd5Yw-300x234.jpg 300w,https:\/\/agripol.pl\/wp-content\/uploads\/2025\/04\/ztiW3DWa7GC5hjvCO3Jbfpnd5Yw-768x599.jpg 768w,https:\/\/agripol.pl\/wp-content\/uploads\/2025\/04\/ztiW3DWa7GC5hjvCO3Jbfpnd5Yw-1024x798.jpg 1024w,https:\/\/agripol.pl\/wp-content\/uploads\/2025\/04\/ztiW3DWa7GC5hjvCO3Jbfpnd5Yw-830x647.jpg 830w\" data-src=\"https:\/\/agripol.pl\/wp-content\/uploads\/2025\/04\/ztiW3DWa7GC5hjvCO3Jbfpnd5Yw-830x647.jpg\" \/>            \n                <\/div>\n    <\/div>\n\n<\/section><!-- widget-container -->\t\t\t\t<\/div>\n\t\t\t\t<\/div>\n\t\t\t\t<\/div>\n\t\t\t\t\t<\/div>\n\t\t\t\t<\/div>\n\t\t\t\t<\/div>\n\t\t","protected":false},"excerpt":{"rendered":"<p>OFERTA Brona talerzowa Blue Power Zobacz ofert\u0119 Titanum Zobacz ofert\u0119 Titanum p\u00f3\u0142zawieszany Zobacz ofert\u0119 Titanum II p\u00f3\u0142zawieszany Zobacz ofert\u0119 Front Disc Zobacz ofert\u0119 Front Disc II Zobacz ofert\u0119 Optidisc Zobacz ofert\u0119 Disc Cutter Zobacz ofert\u0119 Brona talerzowa Brona talerzowa to solidna i wydajna maszyna rolnicza przeznaczona do uprawy przedsiewnej, mieszania resztek po\u017cniwnych z gleb\u0105 oraz [&hellip;]<\/p>\n","protected":false},"author":1,"featured_media":0,"parent":0,"menu_order":0,"comment_status":"closed","ping_status":"closed","template":"","meta":{"footnotes":""},"class_list":["post-1111","page","type-page","status-publish","hentry"],"jetpack_sharing_enabled":true,"_links":{"self":[{"href":"https:\/\/agripol.pl\/index.php\/wp-json\/wp\/v2\/pages\/1111","targetHints":{"allow":["GET"]}}],"collection":[{"href":"https:\/\/agripol.pl\/index.php\/wp-json\/wp\/v2\/pages"}],"about":[{"href":"https:\/\/agripol.pl\/index.php\/wp-json\/wp\/v2\/types\/page"}],"author":[{"embeddable":true,"href":"https:\/\/agripol.pl\/index.php\/wp-json\/wp\/v2\/users\/1"}],"replies":[{"embeddable":true,"href":"https:\/\/agripol.pl\/index.php\/wp-json\/wp\/v2\/comments?post=1111"}],"version-history":[{"count":76,"href":"https:\/\/agripol.pl\/index.php\/wp-json\/wp\/v2\/pages\/1111\/revisions"}],"predecessor-version":[{"id":2892,"href":"https:\/\/agripol.pl\/index.php\/wp-json\/wp\/v2\/pages\/1111\/revisions\/2892"}],"wp:attachment":[{"href":"https:\/\/agripol.pl\/index.php\/wp-json\/wp\/v2\/media?parent=1111"}],"curies":[{"name":"wp","href":"https:\/\/api.w.org\/{rel}","templated":true}]}}