{"id":106,"date":"2019-12-26T07:15:56","date_gmt":"2019-12-26T06:15:56","guid":{"rendered":"http:\/\/agripol.master-projekt.pl\/index.php\/contact\/"},"modified":"2025-12-09T11:07:52","modified_gmt":"2025-12-09T10:07:52","slug":"kontakt","status":"publish","type":"page","link":"https:\/\/agripol.pl\/index.php\/kontakt\/","title":{"rendered":"Kontakt"},"content":{"rendered":"\t\t<div data-elementor-type=\"wp-page\" data-elementor-id=\"106\" class=\"elementor elementor-106\">\n\t\t\t\t<div class=\"aux-parallax-section elementor-element elementor-element-0684b40 e-grid e-con-boxed e-con e-parent\" data-id=\"0684b40\" data-element_type=\"container\" data-settings=\"{&quot;background_background&quot;:&quot;classic&quot;}\">\n\t\t\t\t\t<div class=\"e-con-inner\">\n\t\t<div class=\"elementor-element elementor-element-44860ea e-con-full e-flex e-con e-child\" data-id=\"44860ea\" data-element_type=\"container\" data-settings=\"{&quot;background_background&quot;:&quot;classic&quot;}\">\n\t\t\t\t<div class=\"elementor-element elementor-element-c4967b0 aux-appear-watch-animation aux-fade-in-right-1 elementor-widget elementor-widget-aux_text\" data-id=\"c4967b0\" data-element_type=\"widget\" data-widget_type=\"aux_text.default\">\n\t\t\t\t<div class=\"elementor-widget-container\">\n\t\t\t\t\t<section class=\"widget-container aux-widget-text aux-parent-au87dea931\">        <div class=\"aux-widget-advanced-text aux-wrap-style-simple aux-ico-pos-top aux-text-center aux-text-resp- aux-text-color-dark aux-text-widget-bg-center  \" >\n        \n                            <div class=\"aux-text-widget-header \"  >\n                        <div class=\"aux-ico-box aux-ico-large aux-ico-shape-circle aux-ico-clear \">\n                                                                <span class=\"aux-ico auxicon-map-pin-streamline\" > <\/span>\n                                                            <\/div>\n                <\/div>\n            \n            <div class=\"aux-text-inner aux-text-widget-content\">\n                                <h4 class=\"col-title\">ADRES<\/h4>\n                                <div class=\"widget-content\">\n                                        <p>G\u00f3ry, Parcela 7A<br \/>98-420 Sokolniki<\/p>                <\/div>\n                            <\/div>\n        <\/div>\n                    <div class=\"aux-text-widget-footer\">\n                <div class=\"aux-border-shape-none \">\n                                <\/div>\n            <\/div>\n        \n<\/section><!-- widget-container -->\t\t\t\t<\/div>\n\t\t\t\t<\/div>\n\t\t\t\t<\/div>\n\t\t<div class=\"elementor-element elementor-element-12f2fde e-con-full e-flex e-con e-child\" data-id=\"12f2fde\" data-element_type=\"container\">\n\t\t\t\t<div class=\"elementor-element elementor-element-8c0268f aux-appear-watch-animation aux-fade-in-right-1 elementor-widget elementor-widget-aux_text\" data-id=\"8c0268f\" data-element_type=\"widget\" data-widget_type=\"aux_text.default\">\n\t\t\t\t<div class=\"elementor-widget-container\">\n\t\t\t\t\t<section class=\"widget-container aux-widget-text aux-parent-aufa331f12\">        <div class=\"aux-widget-advanced-text aux-wrap-style-simple aux-ico-pos-top aux-text-center aux-text-resp- aux-text-color-dark aux-text-widget-bg-center  \" >\n        \n                            <div class=\"aux-text-widget-header \"  >\n                        <div class=\"aux-ico-box aux-ico-large aux-img-box aux-ico-shape-round-rect aux-ico-clear \">\n                                                                <img decoding=\"async\" width=\"70\" height=\"40\" src=\"https:\/\/agripol.pl\/wp-content\/uploads\/2025\/03\/Flag_of_Poland_normative.svg-1-70x40.png\" class=\"aux-attachment aux-featured-image aux-attachment-id-214\" alt=\"Flag_of_Poland_(normative).svg (1)\" srcset=\"https:\/\/agripol.pl\/wp-content\/uploads\/2025\/03\/Flag_of_Poland_normative.svg-1-150x86.png 150w,https:\/\/agripol.pl\/wp-content\/uploads\/2025\/03\/Flag_of_Poland_normative.svg-1-70x40.png 70w\" data-ratio=\"1.75\" data-original-w=\"220\" \/>                                                    <\/div>\n                <\/div>\n            \n            <div class=\"aux-text-inner aux-text-widget-content\">\n                                <h4 class=\"col-title\">MAREK<\/h4>\n                                <div class=\"widget-content\">\n                                        <p><a href=\"tel:+48 798 886 720\">+48 798 886 720<\/a><br \/><a href=\"mailto:marek@agripol.eu\">marek@agripol.eu<\/a><br \/><img fetchpriority=\"high\" decoding=\"async\" class=\"alignnone size-full wp-image-2731\" src=\"https:\/\/agripol.pl\/wp-content\/uploads\/2025\/12\/Kontakt-Agripol-2025-Marek.jpg\" alt=\"\" width=\"1064\" height=\"1064\" srcset=\"https:\/\/agripol.pl\/wp-content\/uploads\/2025\/12\/Kontakt-Agripol-2025-Marek.jpg 1064w, https:\/\/agripol.pl\/wp-content\/uploads\/2025\/12\/Kontakt-Agripol-2025-Marek-300x300.jpg 300w, https:\/\/agripol.pl\/wp-content\/uploads\/2025\/12\/Kontakt-Agripol-2025-Marek-1024x1024.jpg 1024w, https:\/\/agripol.pl\/wp-content\/uploads\/2025\/12\/Kontakt-Agripol-2025-Marek-150x150.jpg 150w, https:\/\/agripol.pl\/wp-content\/uploads\/2025\/12\/Kontakt-Agripol-2025-Marek-768x768.jpg 768w, https:\/\/agripol.pl\/wp-content\/uploads\/2025\/12\/Kontakt-Agripol-2025-Marek-200x200.jpg 200w, https:\/\/agripol.pl\/wp-content\/uploads\/2025\/12\/Kontakt-Agripol-2025-Marek-600x600.jpg 600w, https:\/\/agripol.pl\/wp-content\/uploads\/2025\/12\/Kontakt-Agripol-2025-Marek-100x100.jpg 100w\" sizes=\"(max-width: 1064px) 100vw, 1064px\" \/><\/p>                <\/div>\n                            <\/div>\n        <\/div>\n                    <div class=\"aux-text-widget-footer\">\n                <div class=\"aux-border-shape-none \">\n                                <\/div>\n            <\/div>\n        \n<\/section><!-- widget-container -->\t\t\t\t<\/div>\n\t\t\t\t<\/div>\n\t\t\t\t<\/div>\n\t\t<div class=\"elementor-element elementor-element-0e52df2 e-con-full e-flex e-con e-child\" data-id=\"0e52df2\" data-element_type=\"container\">\n\t\t\t\t<div class=\"elementor-element elementor-element-60e8a7c aux-appear-watch-animation aux-fade-in-right-1 elementor-widget elementor-widget-aux_text\" data-id=\"60e8a7c\" data-element_type=\"widget\" data-widget_type=\"aux_text.default\">\n\t\t\t\t<div class=\"elementor-widget-container\">\n\t\t\t\t\t<section class=\"widget-container aux-widget-text aux-parent-au94333c2c\">        <div class=\"aux-widget-advanced-text aux-wrap-style-simple aux-ico-pos-top aux-text-center aux-text-resp- aux-text-color-dark aux-text-widget-bg-center  \" >\n        \n                            <div class=\"aux-text-widget-header \"  >\n                        <div class=\"aux-ico-box aux-ico-large aux-img-box aux-ico-shape-round-rect aux-ico-clear \">\n                                                                <img decoding=\"async\" width=\"70\" height=\"40\" src=\"https:\/\/agripol.pl\/wp-content\/uploads\/2025\/03\/images-70x40.png\" class=\"aux-attachment aux-featured-image aux-attachment-id-505\" alt=\"images\" srcset=\"https:\/\/agripol.pl\/wp-content\/uploads\/2025\/03\/images-150x86.png 150w,https:\/\/agripol.pl\/wp-content\/uploads\/2025\/03\/images-70x40.png 70w\" data-ratio=\"1.75\" data-original-w=\"290\" \/>                                                    <\/div>\n                <\/div>\n            \n            <div class=\"aux-text-inner aux-text-widget-content\">\n                                <h4 class=\"col-title\">KAROL<\/h4>\n                                <div class=\"widget-content\">\n                                        <p><a href=\"tel:+48 698 446 066\">+48 698 446 066<\/a><br \/><a href=\"mailto:karol@agripol.eu\">karol@agripol.eu<\/a><br \/><img loading=\"lazy\" decoding=\"async\" class=\"alignnone size-full wp-image-2730\" src=\"https:\/\/agripol.pl\/wp-content\/uploads\/2025\/12\/Kontakt-Agripol-2025-Karol.jpg\" alt=\"\" width=\"1064\" height=\"1064\" srcset=\"https:\/\/agripol.pl\/wp-content\/uploads\/2025\/12\/Kontakt-Agripol-2025-Karol.jpg 1064w, https:\/\/agripol.pl\/wp-content\/uploads\/2025\/12\/Kontakt-Agripol-2025-Karol-300x300.jpg 300w, https:\/\/agripol.pl\/wp-content\/uploads\/2025\/12\/Kontakt-Agripol-2025-Karol-1024x1024.jpg 1024w, https:\/\/agripol.pl\/wp-content\/uploads\/2025\/12\/Kontakt-Agripol-2025-Karol-150x150.jpg 150w, https:\/\/agripol.pl\/wp-content\/uploads\/2025\/12\/Kontakt-Agripol-2025-Karol-768x768.jpg 768w, https:\/\/agripol.pl\/wp-content\/uploads\/2025\/12\/Kontakt-Agripol-2025-Karol-200x200.jpg 200w, https:\/\/agripol.pl\/wp-content\/uploads\/2025\/12\/Kontakt-Agripol-2025-Karol-600x600.jpg 600w, https:\/\/agripol.pl\/wp-content\/uploads\/2025\/12\/Kontakt-Agripol-2025-Karol-100x100.jpg 100w\" sizes=\"(max-width: 1064px) 100vw, 1064px\" \/><\/p>                <\/div>\n                            <\/div>\n        <\/div>\n                    <div class=\"aux-text-widget-footer\">\n                <div class=\"aux-border-shape-none \">\n                                <\/div>\n            <\/div>\n        \n<\/section><!-- widget-container -->\t\t\t\t<\/div>\n\t\t\t\t<\/div>\n\t\t\t\t<\/div>\n\t\t<div class=\"elementor-element elementor-element-cddca74 e-con-full e-flex e-con e-child\" data-id=\"cddca74\" data-element_type=\"container\">\n\t\t\t\t<div class=\"elementor-element elementor-element-7eb871a aux-appear-watch-animation aux-fade-in-right-1 elementor-widget elementor-widget-aux_text\" data-id=\"7eb871a\" data-element_type=\"widget\" data-widget_type=\"aux_text.default\">\n\t\t\t\t<div class=\"elementor-widget-container\">\n\t\t\t\t\t<section class=\"widget-container aux-widget-text aux-parent-au4b56b3bd\">        <div class=\"aux-widget-advanced-text aux-wrap-style-simple aux-ico-pos-top aux-text-center aux-text-resp- aux-text-color-dark aux-text-widget-bg-center  \" >\n        \n                            <div class=\"aux-text-widget-header \"  >\n                        <div class=\"aux-ico-box aux-ico-large aux-img-box aux-ico-shape-round-rect aux-ico-clear \">\n                                                                <img decoding=\"async\" width=\"70\" height=\"40\" src=\"https:\/\/agripol.pl\/wp-content\/uploads\/2025\/03\/images-70x40.png\" class=\"aux-attachment aux-featured-image aux-attachment-id-505\" alt=\"images\" srcset=\"https:\/\/agripol.pl\/wp-content\/uploads\/2025\/03\/images-150x86.png 150w,https:\/\/agripol.pl\/wp-content\/uploads\/2025\/03\/images-70x40.png 70w\" data-ratio=\"1.75\" data-original-w=\"290\" \/>                                                    <\/div>\n                <\/div>\n            \n            <div class=\"aux-text-inner aux-text-widget-content\">\n                                <h4 class=\"col-title\">TOMASZ<\/h4>\n                                <div class=\"widget-content\">\n                                        <p><a href=\"tel:+48 609 111 860\">+48 609 111 860<\/a><br \/><a href=\"mailto:tomasz@agripol.eu\">tomasz@agripol.eu<\/a><br \/><img loading=\"lazy\" decoding=\"async\" class=\"alignnone size-full wp-image-2732\" src=\"https:\/\/agripol.pl\/wp-content\/uploads\/2025\/12\/Kontakt-Agripol-2025-Tomasz.jpg\" alt=\"\" width=\"1063\" height=\"1063\" srcset=\"https:\/\/agripol.pl\/wp-content\/uploads\/2025\/12\/Kontakt-Agripol-2025-Tomasz.jpg 1063w, https:\/\/agripol.pl\/wp-content\/uploads\/2025\/12\/Kontakt-Agripol-2025-Tomasz-300x300.jpg 300w, https:\/\/agripol.pl\/wp-content\/uploads\/2025\/12\/Kontakt-Agripol-2025-Tomasz-1024x1024.jpg 1024w, https:\/\/agripol.pl\/wp-content\/uploads\/2025\/12\/Kontakt-Agripol-2025-Tomasz-150x150.jpg 150w, https:\/\/agripol.pl\/wp-content\/uploads\/2025\/12\/Kontakt-Agripol-2025-Tomasz-768x768.jpg 768w, https:\/\/agripol.pl\/wp-content\/uploads\/2025\/12\/Kontakt-Agripol-2025-Tomasz-200x200.jpg 200w, https:\/\/agripol.pl\/wp-content\/uploads\/2025\/12\/Kontakt-Agripol-2025-Tomasz-600x600.jpg 600w, https:\/\/agripol.pl\/wp-content\/uploads\/2025\/12\/Kontakt-Agripol-2025-Tomasz-100x100.jpg 100w\" sizes=\"(max-width: 1063px) 100vw, 1063px\" \/><\/p>                <\/div>\n                            <\/div>\n        <\/div>\n                    <div class=\"aux-text-widget-footer\">\n                <div class=\"aux-border-shape-none \">\n                                <\/div>\n            <\/div>\n        \n<\/section><!-- widget-container -->\t\t\t\t<\/div>\n\t\t\t\t<\/div>\n\t\t\t\t<\/div>\n\t\t<div class=\"elementor-element elementor-element-4ce06f8 e-con-full e-flex e-con e-child\" data-id=\"4ce06f8\" data-element_type=\"container\">\n\t\t\t\t<div class=\"elementor-element elementor-element-241880b aux-appear-watch-animation aux-fade-in-right-1 elementor-widget elementor-widget-aux_text\" data-id=\"241880b\" data-element_type=\"widget\" data-widget_type=\"aux_text.default\">\n\t\t\t\t<div class=\"elementor-widget-container\">\n\t\t\t\t\t<section class=\"widget-container aux-widget-text aux-parent-au676c7a57\">        <div class=\"aux-widget-advanced-text aux-wrap-style-simple aux-ico-pos-top aux-text-center aux-text-resp- aux-text-color-dark aux-text-widget-bg-center  \" >\n        \n                            <div class=\"aux-text-widget-header \"  >\n                        <div class=\"aux-ico-box aux-ico-large aux-img-box aux-ico-shape-round-rect aux-ico-clear \">\n                                                                <img loading=\"lazy\" decoding=\"async\" width=\"2539\" height=\"520\" src=\"https:\/\/agripol.pl\/wp-content\/uploads\/2025\/04\/fr-ro-uk.jpg\" class=\"aux-attachment aux-featured-image aux-attachment-id-955\" alt=\"fr-ro-uk\" data-ratio=\"4.88\" data-original-w=\"2539\" \/>                                                    <\/div>\n                <\/div>\n            \n            <div class=\"aux-text-inner aux-text-widget-content\">\n                                <h4 class=\"col-title\">MAGDA<\/h4>\n                                <div class=\"widget-content\">\n                                        <p><a href=\"tel:+48 609 000 173\">+48 609 000 173<\/a><br \/><a href=\"mailto:magda@agripol.eu\">magda@agripol.eu<\/a><br \/><img loading=\"lazy\" decoding=\"async\" class=\"alignnone size-full wp-image-2729\" src=\"https:\/\/agripol.pl\/wp-content\/uploads\/2025\/12\/Kontakt-Agripol-2025-Magda.jpg\" alt=\"\" width=\"1111\" height=\"1111\" srcset=\"https:\/\/agripol.pl\/wp-content\/uploads\/2025\/12\/Kontakt-Agripol-2025-Magda.jpg 1111w, https:\/\/agripol.pl\/wp-content\/uploads\/2025\/12\/Kontakt-Agripol-2025-Magda-300x300.jpg 300w, https:\/\/agripol.pl\/wp-content\/uploads\/2025\/12\/Kontakt-Agripol-2025-Magda-1024x1024.jpg 1024w, https:\/\/agripol.pl\/wp-content\/uploads\/2025\/12\/Kontakt-Agripol-2025-Magda-150x150.jpg 150w, https:\/\/agripol.pl\/wp-content\/uploads\/2025\/12\/Kontakt-Agripol-2025-Magda-768x768.jpg 768w, https:\/\/agripol.pl\/wp-content\/uploads\/2025\/12\/Kontakt-Agripol-2025-Magda-200x200.jpg 200w, https:\/\/agripol.pl\/wp-content\/uploads\/2025\/12\/Kontakt-Agripol-2025-Magda-600x600.jpg 600w, https:\/\/agripol.pl\/wp-content\/uploads\/2025\/12\/Kontakt-Agripol-2025-Magda-100x100.jpg 100w\" sizes=\"(max-width: 1111px) 100vw, 1111px\" \/><\/p>                <\/div>\n                            <\/div>\n        <\/div>\n                    <div class=\"aux-text-widget-footer\">\n                <div class=\"aux-border-shape-none \">\n                                <\/div>\n            <\/div>\n        \n<\/section><!-- widget-container -->\t\t\t\t<\/div>\n\t\t\t\t<\/div>\n\t\t\t\t<\/div>\n\t\t\t\t\t<\/div>\n\t\t\t\t<\/div>\n\t\t<div class=\"aux-parallax-section elementor-element elementor-element-3d815d1 e-flex e-con-boxed e-con e-parent\" data-id=\"3d815d1\" data-element_type=\"container\" data-settings=\"{&quot;background_background&quot;:&quot;classic&quot;}\">\n\t\t\t\t\t<div class=\"e-con-inner\">\n\t\t<div class=\"elementor-element elementor-element-cedd591 e-con-full e-flex e-con e-child\" data-id=\"cedd591\" data-element_type=\"container\">\n\t\t\t\t<div class=\"elementor-element elementor-element-eff2763 aux-appear-watch-animation aux-fade-in-up-1 elementor-widget elementor-widget-aux_modern_heading\" data-id=\"eff2763\" data-element_type=\"widget\" data-widget_type=\"aux_modern_heading.default\">\n\t\t\t\t<div class=\"elementor-widget-container\">\n\t\t\t\t\t<section class=\"aux-widget-modern-heading\">\n            <div class=\"aux-widget-inner\"><h2 class=\"aux-modern-heading-primary\">NAPISZ DO NAS - BIURO@AGRIPOL.EU<\/h2><h3 class=\"aux-modern-heading-secondary\"><span class=\"aux-head-before\">Masz pytania? Skontaktuj si\u0119 z nami, a my rozwiejemy wszelkie w\u0105tpliwo\u015bci<\/span><\/h3><div class=\"aux-modern-heading-description\"><p>Zach\u0119camy r\u00f3wnie\u017c do obejrzenia naszych portali spo\u0142eczno\u015bciowych<\/p><\/div><\/div>\n        <\/section>\t\t\t\t<\/div>\n\t\t\t\t<\/div>\n\t\t\t\t<div class=\"elementor-element elementor-element-93280d6 aux-appear-watch-animation aux-fade-in-up-1 elementor-widget elementor-widget-aux_icon_list\" data-id=\"93280d6\" data-element_type=\"widget\" data-widget_type=\"aux_icon_list.default\">\n\t\t\t\t<div class=\"elementor-widget-container\">\n\t\t\t\t\t<section class=\"widget-container aux-widget-icon-list aux-parent-auf7b2c82c\"><div class=\"widget-inner\"><div class=\"aux-widget-icon-list-inner\"><ul class=\"aux-icon-list-items aux-direction-horizontal\"><li class=\"aux-icon-list-item aux-list-item-has-icon aux-icon-list-item-d50b495 elementor-repeater-item-d50b495\"><a class=\"aux-icon-list-link\" href=\"https:\/\/www.facebook.com\/p\/Agripol-producent-maszyn-rolniczych-100057437380478\/?locale=pl_PL\" target=\"_blank\"><span class=\"aux-icon-list-icon auxicon-facebook\"><\/span><\/a><\/li><li class=\"aux-icon-list-item aux-list-item-has-icon aux-icon-list-item-9e3a73f elementor-repeater-item-9e3a73f\"><a class=\"aux-icon-list-link\" href=\"https:\/\/www.instagram.com\/agripol_\/\" target=\"_blank\"><span class=\"aux-icon-list-icon auxicon-instagram\"><\/span><\/a><\/li><li class=\"aux-icon-list-item aux-list-item-has-icon aux-icon-list-item-1dd13f9 elementor-repeater-item-1dd13f9\"><a class=\"aux-icon-list-link\" href=\"https:\/\/www.youtube.com\/@agripol-maszyny\" target=\"_blank\"><i aria-hidden=\"true\" class=\"aux-icon-list-icon fab fa-youtube\"><\/i><\/a><\/li><li class=\"aux-icon-list-item aux-list-item-has-icon aux-icon-list-item-32062bb elementor-repeater-item-32062bb\"><a class=\"aux-icon-list-link\" href=\"https:\/\/www.tiktok.com\/@agripol.produkcja\" target=\"_blank\"><i aria-hidden=\"true\" class=\"aux-icon-list-icon fab fa-tiktok\"><\/i><\/a><\/li><\/ul><\/div><\/div><\/section><!-- widget-container -->\t\t\t\t<\/div>\n\t\t\t\t<\/div>\n\t\t\t\t<\/div>\n\t\t<div class=\"elementor-element elementor-element-138f38d e-con-full e-flex e-con e-child\" data-id=\"138f38d\" data-element_type=\"container\">\n\t\t\t\t<div class=\"elementor-element elementor-element-d47326a aux-appear-watch-animation aux-fade-in-up-1 elementor-widget elementor-widget-aux_contact_form\" data-id=\"d47326a\" data-element_type=\"widget\" data-widget_type=\"aux_contact_form.default\">\n\t\t\t\t<div class=\"elementor-widget-container\">\n\t\t\t\t\t<section class=\"widget-container aux-widget-contact-form aux-parent-au8631a6ec\">            <div class=\"aux-col-wrapper aux-no-gutter\">\n            <!-- @TODO - The output for element here -->\n\n            \n<div class=\"wpcf7 no-js\" id=\"wpcf7-f103-o1\" lang=\"en-US\" dir=\"ltr\" data-wpcf7-id=\"103\">\n<div class=\"screen-reader-response\"><p role=\"status\" aria-live=\"polite\" aria-atomic=\"true\"><\/p> <ul><\/ul><\/div>\n<form action=\"\/index.php\/wp-json\/wp\/v2\/pages\/106#wpcf7-f103-o1\" method=\"post\" class=\"wpcf7-form init\" aria-label=\"Contact form\" novalidate=\"novalidate\" data-status=\"init\">\n<div style=\"display: none;\">\n<input type=\"hidden\" name=\"_wpcf7\" value=\"103\" \/>\n<input type=\"hidden\" name=\"_wpcf7_version\" value=\"6.0.6\" \/>\n<input type=\"hidden\" name=\"_wpcf7_locale\" value=\"en_US\" \/>\n<input type=\"hidden\" name=\"_wpcf7_unit_tag\" value=\"wpcf7-f103-o1\" \/>\n<input type=\"hidden\" name=\"_wpcf7_container_post\" value=\"0\" \/>\n<input type=\"hidden\" name=\"_wpcf7_posted_data_hash\" value=\"\" \/>\n<\/div>\n<div class=\"business-3\">\n<div class=\"business-3-part1\">\n<label class=\"label-left\"><span class=\"wpcf7-form-control-wrap\" data-name=\"YourName\"><input size=\"40\" maxlength=\"400\" class=\"wpcf7-form-control wpcf7-text\" aria-invalid=\"false\" placeholder=\"Imi\u0119 *\" value=\"\" type=\"text\" name=\"YourName\" \/><\/span> <\/label>\n<label class=\"label-right\"><span class=\"wpcf7-form-control-wrap\" data-name=\"YourEmail\"><input size=\"40\" maxlength=\"400\" class=\"wpcf7-form-control wpcf7-email wpcf7-text wpcf7-validates-as-email\" aria-invalid=\"false\" placeholder=\"Adres e-mail *\" value=\"\" type=\"email\" name=\"YourEmail\" \/><\/span> <\/label>\n<\/div>\n<label><span class=\"wpcf7-form-control-wrap\" data-name=\"Subject\"><input size=\"40\" maxlength=\"400\" class=\"wpcf7-form-control wpcf7-text\" aria-invalid=\"false\" placeholder=\"Temat\" value=\"\" type=\"text\" name=\"Subject\" \/><\/span> <\/label>\n<label><span class=\"wpcf7-form-control-wrap\" data-name=\"Question\"><textarea cols=\"40\" rows=\"10\" maxlength=\"2000\" class=\"wpcf7-form-control wpcf7-textarea\" aria-invalid=\"false\" placeholder=\"Wiadomo\u015b\u0107 *\" name=\"Question\"><\/textarea><\/span><\/label>\n<input class=\"wpcf7-form-control wpcf7-submit has-spinner\" type=\"submit\" value=\"WY\u015aLIJ\" \/>\n<\/div><div class=\"wpcf7-response-output\" aria-hidden=\"true\"><\/div>\n<\/form>\n<\/div>\n\n\n            <\/div><!-- aux-col-wrapper -->\n    <\/section><!-- widget-container -->\t\t\t\t<\/div>\n\t\t\t\t<\/div>\n\t\t\t\t<\/div>\n\t\t\t\t\t<\/div>\n\t\t\t\t<\/div>\n\t\t\t\t<\/div>\n\t\t","protected":false},"excerpt":{"rendered":"<p>ADRES G\u00f3ry, Parcela 7A98-420 Sokolniki MAREK +48 798 886 720marek@agripol.eu KAROL +48 698 446 066karol@agripol.eu TOMASZ +48 609 111 860tomasz@agripol.eu MAGDA +48 609 000 173magda@agripol.eu NAPISZ DO NAS &#8211; BIURO@AGRIPOL.EU Masz pytania? Skontaktuj si\u0119 z nami, a my rozwiejemy wszelkie w\u0105tpliwo\u015bci Zach\u0119camy r\u00f3wnie\u017c do obejrzenia naszych portali spo\u0142eczno\u015bciowych<\/p>\n","protected":false},"author":1,"featured_media":0,"parent":0,"menu_order":0,"comment_status":"closed","ping_status":"closed","template":"templates\/page-builder-content.php","meta":{"footnotes":""},"class_list":["post-106","page","type-page","status-publish","hentry"],"jetpack_sharing_enabled":true,"_links":{"self":[{"href":"https:\/\/agripol.pl\/index.php\/wp-json\/wp\/v2\/pages\/106","targetHints":{"allow":["GET"]}}],"collection":[{"href":"https:\/\/agripol.pl\/index.php\/wp-json\/wp\/v2\/pages"}],"about":[{"href":"https:\/\/agripol.pl\/index.php\/wp-json\/wp\/v2\/types\/page"}],"author":[{"embeddable":true,"href":"https:\/\/agripol.pl\/index.php\/wp-json\/wp\/v2\/users\/1"}],"replies":[{"embeddable":true,"href":"https:\/\/agripol.pl\/index.php\/wp-json\/wp\/v2\/comments?post=106"}],"version-history":[{"count":82,"href":"https:\/\/agripol.pl\/index.php\/wp-json\/wp\/v2\/pages\/106\/revisions"}],"predecessor-version":[{"id":2735,"href":"https:\/\/agripol.pl\/index.php\/wp-json\/wp\/v2\/pages\/106\/revisions\/2735"}],"wp:attachment":[{"href":"https:\/\/agripol.pl\/index.php\/wp-json\/wp\/v2\/media?parent=106"}],"curies":[{"name":"wp","href":"https:\/\/api.w.org\/{rel}","templated":true}]}}